{"id":3484,"date":"2023-10-02T21:23:24","date_gmt":"2023-10-02T19:23:24","guid":{"rendered":"https:\/\/enfoquesaudaces.com\/cas7\/"},"modified":"2024-01-25T14:08:52","modified_gmt":"2024-01-25T12:08:52","slug":"cas7","status":"publish","type":"page","link":"https:\/\/enfoquesaudaces.com\/ca\/cas7\/","title":{"rendered":"Cas7"},"content":{"rendered":"\t\t<div data-elementor-type=\"wp-page\" data-elementor-id=\"3484\" class=\"elementor elementor-3484 elementor-741\" data-elementor-post-type=\"page\">\n\t\t\t\t\t\t\t\t\t<section class=\"elementor-section elementor-top-section elementor-element elementor-element-6a1d937 elementor-section-full_width elementor-hidden-tablet elementor-hidden-mobile elementor-section-height-default elementor-section-height-default\" data-id=\"6a1d937\" data-element_type=\"section\" data-settings=\"{&quot;background_background&quot;:&quot;classic&quot;}\">\n\t\t\t\t\t\t<div class=\"elementor-container elementor-column-gap-default\">\n\t\t\t\t\t<div class=\"elementor-column elementor-col-50 elementor-top-column elementor-element elementor-element-d2f5ae3\" data-id=\"d2f5ae3\" data-element_type=\"column\" data-settings=\"{&quot;background_background&quot;:&quot;classic&quot;}\">\n\t\t\t<div class=\"elementor-widget-wrap elementor-element-populated\">\n\t\t\t\t\t\t\t\t<div class=\"elementor-element elementor-element-d456369 elementor-widget elementor-widget-spacer\" data-id=\"d456369\" data-element_type=\"widget\" data-widget_type=\"spacer.default\">\n\t\t\t\t<div class=\"elementor-widget-container\">\n\t\t\t<style>\/*! elementor - v3.15.0 - 20-08-2023 *\/\n.elementor-column .elementor-spacer-inner{height:var(--spacer-size)}.e-con{--container-widget-width:100%}.e-con-inner>.elementor-widget-spacer,.e-con>.elementor-widget-spacer{width:var(--container-widget-width,var(--spacer-size));--align-self:var(--container-widget-align-self,initial);--flex-shrink:0}.e-con-inner>.elementor-widget-spacer>.elementor-widget-container,.e-con-inner>.elementor-widget-spacer>.elementor-widget-container>.elementor-spacer,.e-con>.elementor-widget-spacer>.elementor-widget-container,.e-con>.elementor-widget-spacer>.elementor-widget-container>.elementor-spacer{height:100%}.e-con-inner>.elementor-widget-spacer>.elementor-widget-container>.elementor-spacer>.elementor-spacer-inner,.e-con>.elementor-widget-spacer>.elementor-widget-container>.elementor-spacer>.elementor-spacer-inner{height:var(--container-widget-height,var(--spacer-size))}<\/style>\t\t<div class=\"elementor-spacer\">\n\t\t\t<div class=\"elementor-spacer-inner\"><\/div>\n\t\t<\/div>\n\t\t\t\t<\/div>\n\t\t\t\t<\/div>\n\t\t\t\t<div class=\"elementor-element elementor-element-306eddf elementor-view-default elementor-widget elementor-widget-icon\" data-id=\"306eddf\" data-element_type=\"widget\" data-widget_type=\"icon.default\">\n\t\t\t\t<div class=\"elementor-widget-container\">\n\t\t\t\t\t<div class=\"elementor-icon-wrapper\">\n\t\t\t<a class=\"elementor-icon\" href=\"https:\/\/enfoquesaudaces.com\/ca\/cas6\/\">\n\t\t\t<i aria-hidden=\"true\" class=\"fas fa-arrow-left\"><\/i>\t\t\t<\/a>\n\t\t<\/div>\n\t\t\t\t<\/div>\n\t\t\t\t<\/div>\n\t\t\t\t<div class=\"elementor-element elementor-element-96930a8 elementor-widget elementor-widget-spacer\" data-id=\"96930a8\" data-element_type=\"widget\" data-widget_type=\"spacer.default\">\n\t\t\t\t<div class=\"elementor-widget-container\">\n\t\t\t\t\t<div class=\"elementor-spacer\">\n\t\t\t<div class=\"elementor-spacer-inner\"><\/div>\n\t\t<\/div>\n\t\t\t\t<\/div>\n\t\t\t\t<\/div>\n\t\t\t\t\t<\/div>\n\t\t<\/div>\n\t\t\t\t<div class=\"elementor-column elementor-col-50 elementor-top-column elementor-element elementor-element-9f08785\" data-id=\"9f08785\" data-element_type=\"column\">\n\t\t\t<div class=\"elementor-widget-wrap elementor-element-populated\">\n\t\t\t\t\t\t\t\t<div class=\"elementor-element elementor-element-311e224 elementor-widget elementor-widget-spacer\" data-id=\"311e224\" data-element_type=\"widget\" data-widget_type=\"spacer.default\">\n\t\t\t\t<div class=\"elementor-widget-container\">\n\t\t\t\t\t<div class=\"elementor-spacer\">\n\t\t\t<div class=\"elementor-spacer-inner\"><\/div>\n\t\t<\/div>\n\t\t\t\t<\/div>\n\t\t\t\t<\/div>\n\t\t\t\t<div class=\"elementor-element elementor-element-3ed59b0 elementor-view-default elementor-widget elementor-widget-icon\" data-id=\"3ed59b0\" data-element_type=\"widget\" data-widget_type=\"icon.default\">\n\t\t\t\t<div class=\"elementor-widget-container\">\n\t\t\t\t\t<div class=\"elementor-icon-wrapper\">\n\t\t\t<a class=\"elementor-icon\" href=\"https:\/\/enfoquesaudaces.com\/ca\/cas8\/\">\n\t\t\t<i aria-hidden=\"true\" class=\"fas fa-arrow-right\"><\/i>\t\t\t<\/a>\n\t\t<\/div>\n\t\t\t\t<\/div>\n\t\t\t\t<\/div>\n\t\t\t\t<div class=\"elementor-element elementor-element-de36b39 elementor-widget elementor-widget-spacer\" data-id=\"de36b39\" data-element_type=\"widget\" data-widget_type=\"spacer.default\">\n\t\t\t\t<div class=\"elementor-widget-container\">\n\t\t\t\t\t<div class=\"elementor-spacer\">\n\t\t\t<div class=\"elementor-spacer-inner\"><\/div>\n\t\t<\/div>\n\t\t\t\t<\/div>\n\t\t\t\t<\/div>\n\t\t\t\t<div class=\"elementor-element elementor-element-ee049d8 elementor-widget elementor-widget-heading\" data-id=\"ee049d8\" data-element_type=\"widget\" data-widget_type=\"heading.default\">\n\t\t\t\t<div class=\"elementor-widget-container\">\n\t\t\t<style>\/*! elementor - v3.15.0 - 20-08-2023 *\/\n.elementor-heading-title{padding:0;margin:0;line-height:1}.elementor-widget-heading .elementor-heading-title[class*=elementor-size-]>a{color:inherit;font-size:inherit;line-height:inherit}.elementor-widget-heading .elementor-heading-title.elementor-size-small{font-size:15px}.elementor-widget-heading .elementor-heading-title.elementor-size-medium{font-size:19px}.elementor-widget-heading .elementor-heading-title.elementor-size-large{font-size:29px}.elementor-widget-heading .elementor-heading-title.elementor-size-xl{font-size:39px}.elementor-widget-heading .elementor-heading-title.elementor-size-xxl{font-size:59px}<\/style><h2 class=\"elementor-heading-title elementor-size-default\">P\u00e8rdua perillosa de convicci\u00f3 en el discurs sobre \"la nostra ra\u00f3 de ser\"  <\/h2>\t\t<\/div>\n\t\t\t\t<\/div>\n\t\t\t\t<div class=\"elementor-element elementor-element-64dfcad elementor-widget elementor-widget-spacer\" data-id=\"64dfcad\" data-element_type=\"widget\" data-widget_type=\"spacer.default\">\n\t\t\t\t<div class=\"elementor-widget-container\">\n\t\t\t\t\t<div class=\"elementor-spacer\">\n\t\t\t<div class=\"elementor-spacer-inner\"><\/div>\n\t\t<\/div>\n\t\t\t\t<\/div>\n\t\t\t\t<\/div>\n\t\t\t\t<div class=\"elementor-element elementor-element-bf969c5 elementor-widget elementor-widget-heading\" data-id=\"bf969c5\" data-element_type=\"widget\" data-widget_type=\"heading.default\">\n\t\t\t\t<div class=\"elementor-widget-container\">\n\t\t\t<h2 class=\"elementor-heading-title elementor-size-default\">La situaci\u00f3<\/h2>\t\t<\/div>\n\t\t\t\t<\/div>\n\t\t\t\t<div class=\"elementor-element elementor-element-f89db27 elementor-widget elementor-widget-text-editor\" data-id=\"f89db27\" data-element_type=\"widget\" data-widget_type=\"text-editor.default\">\n\t\t\t\t<div class=\"elementor-widget-container\">\n\t\t\t<style>\/*! elementor - v3.15.0 - 20-08-2023 *\/\n.elementor-widget-text-editor.elementor-drop-cap-view-stacked .elementor-drop-cap{background-color:#69727d;color:#fff}.elementor-widget-text-editor.elementor-drop-cap-view-framed .elementor-drop-cap{color:#69727d;border:3px solid;background-color:transparent}.elementor-widget-text-editor:not(.elementor-drop-cap-view-default) .elementor-drop-cap{margin-top:8px}.elementor-widget-text-editor:not(.elementor-drop-cap-view-default) .elementor-drop-cap-letter{width:1em;height:1em}.elementor-widget-text-editor .elementor-drop-cap{float:left;text-align:center;line-height:1;font-size:50px}.elementor-widget-text-editor .elementor-drop-cap-letter{display:inline-block}<\/style>\t\t\t\t<p>Una directora d&#8217;una empresa p\u00fablica porta molts anys explicant de la mateixa manera el seu rol professional i la ra\u00f3 de ser del seu organisme. Est\u00e0 deixant de creure en el seu discurs. Considera que els termes que aplica ja no corresponen a la realitat i que ha de renovar la narrativa que els defineix com a organitzaci\u00f3.<\/p><p>Des del departament de comunicaci\u00f3 s&#8217;havia obert una campanya per a xarxes socials. Cada empleat o directiu havia d&#8217;explicar en un v\u00eddeo curt el que feia dins de l&#8217;empresa. Era la seva oportunitat per donar-li una volta al seu discurs habitual, que considerava caducat.<\/p>\t\t\t\t\t\t<\/div>\n\t\t\t\t<\/div>\n\t\t\t\t<div class=\"elementor-element elementor-element-bbd7471 elementor-widget elementor-widget-heading\" data-id=\"bbd7471\" data-element_type=\"widget\" data-widget_type=\"heading.default\">\n\t\t\t\t<div class=\"elementor-widget-container\">\n\t\t\t<h2 class=\"elementor-heading-title elementor-size-default\">El repte<\/h2>\t\t<\/div>\n\t\t\t\t<\/div>\n\t\t\t\t<div class=\"elementor-element elementor-element-f075dfc elementor-widget elementor-widget-text-editor\" data-id=\"f075dfc\" data-element_type=\"widget\" data-widget_type=\"text-editor.default\">\n\t\t\t\t<div class=\"elementor-widget-container\">\n\t\t\t\t\t\t\t<p>Crear una nova narrativa professional i de l&#8217;organitzaci\u00f3 amb un llenguatge renovat. Eliminar termes buits o massa abstractes que no afavoreixin la comprensi\u00f3 del p\u00fablic.<\/p>\t\t\t\t\t\t<\/div>\n\t\t\t\t<\/div>\n\t\t\t\t<div class=\"elementor-element elementor-element-6eb84b1 elementor-align-left elementor-widget elementor-widget-button\" data-id=\"6eb84b1\" data-element_type=\"widget\" data-widget_type=\"button.default\">\n\t\t\t\t<div class=\"elementor-widget-container\">\n\t\t\t\t\t<div class=\"elementor-button-wrapper\">\n\t\t\t<a class=\"elementor-button elementor-button-link elementor-size-sm elementor-animation-grow\" href=\"\/ca\/casos-enfocats\/\">\n\t\t\t\t\t\t<span class=\"elementor-button-content-wrapper\">\n\t\t\t\t\t\t<span class=\"elementor-button-text\">TORNAR A L'\u00cdNDEX DE CASOS<\/span>\n\t\t<\/span>\n\t\t\t\t\t<\/a>\n\t\t<\/div>\n\t\t\t\t<\/div>\n\t\t\t\t<\/div>\n\t\t\t\t<div class=\"elementor-element elementor-element-fba1a0f elementor-widget elementor-widget-spacer\" data-id=\"fba1a0f\" data-element_type=\"widget\" data-widget_type=\"spacer.default\">\n\t\t\t\t<div class=\"elementor-widget-container\">\n\t\t\t\t\t<div class=\"elementor-spacer\">\n\t\t\t<div class=\"elementor-spacer-inner\"><\/div>\n\t\t<\/div>\n\t\t\t\t<\/div>\n\t\t\t\t<\/div>\n\t\t\t\t\t<\/div>\n\t\t<\/div>\n\t\t\t\t\t\t\t<\/div>\n\t\t<\/section>\n\t\t\t\t<section class=\"elementor-section elementor-top-section elementor-element elementor-element-a1ed06b elementor-hidden-desktop elementor-section-boxed elementor-section-height-default elementor-section-height-default\" data-id=\"a1ed06b\" data-element_type=\"section\" data-settings=\"{&quot;background_background&quot;:&quot;classic&quot;}\">\n\t\t\t\t\t\t\t<div class=\"elementor-background-overlay\"><\/div>\n\t\t\t\t\t\t\t<div class=\"elementor-container elementor-column-gap-default\">\n\t\t\t\t\t<div class=\"elementor-column elementor-col-100 elementor-top-column elementor-element elementor-element-b4edf4d\" data-id=\"b4edf4d\" data-element_type=\"column\">\n\t\t\t<div class=\"elementor-widget-wrap elementor-element-populated\">\n\t\t\t\t\t\t\t\t<div class=\"elementor-element elementor-element-985e783 elementor-widget elementor-widget-spacer\" data-id=\"985e783\" data-element_type=\"widget\" data-widget_type=\"spacer.default\">\n\t\t\t\t<div class=\"elementor-widget-container\">\n\t\t\t\t\t<div class=\"elementor-spacer\">\n\t\t\t<div class=\"elementor-spacer-inner\"><\/div>\n\t\t<\/div>\n\t\t\t\t<\/div>\n\t\t\t\t<\/div>\n\t\t\t\t<section class=\"elementor-section elementor-inner-section elementor-element elementor-element-8b55432 elementor-section-boxed elementor-section-height-default elementor-section-height-default\" data-id=\"8b55432\" data-element_type=\"section\">\n\t\t\t\t\t\t<div class=\"elementor-container elementor-column-gap-default\">\n\t\t\t\t\t<div class=\"elementor-column elementor-col-50 elementor-inner-column elementor-element elementor-element-129f20c\" data-id=\"129f20c\" data-element_type=\"column\">\n\t\t\t<div class=\"elementor-widget-wrap elementor-element-populated\">\n\t\t\t\t\t\t\t\t<div class=\"elementor-element elementor-element-ca6c168 elementor-view-default elementor-widget elementor-widget-icon\" data-id=\"ca6c168\" data-element_type=\"widget\" data-widget_type=\"icon.default\">\n\t\t\t\t<div class=\"elementor-widget-container\">\n\t\t\t\t\t<div class=\"elementor-icon-wrapper\">\n\t\t\t<a class=\"elementor-icon\" href=\"https:\/\/enfoquesaudaces.com\/caso6\/\">\n\t\t\t<i aria-hidden=\"true\" class=\"fas fa-arrow-left\"><\/i>\t\t\t<\/a>\n\t\t<\/div>\n\t\t\t\t<\/div>\n\t\t\t\t<\/div>\n\t\t\t\t\t<\/div>\n\t\t<\/div>\n\t\t\t\t<div class=\"elementor-column elementor-col-50 elementor-inner-column elementor-element elementor-element-3f415c6\" data-id=\"3f415c6\" data-element_type=\"column\">\n\t\t\t<div class=\"elementor-widget-wrap elementor-element-populated\">\n\t\t\t\t\t\t\t\t<div class=\"elementor-element elementor-element-a6e6c16 elementor-view-default elementor-widget elementor-widget-icon\" data-id=\"a6e6c16\" data-element_type=\"widget\" data-widget_type=\"icon.default\">\n\t\t\t\t<div class=\"elementor-widget-container\">\n\t\t\t\t\t<div class=\"elementor-icon-wrapper\">\n\t\t\t<a class=\"elementor-icon\" href=\"https:\/\/enfoquesaudaces.com\/ca\/cas8\/\">\n\t\t\t<i aria-hidden=\"true\" class=\"fas fa-arrow-right\"><\/i>\t\t\t<\/a>\n\t\t<\/div>\n\t\t\t\t<\/div>\n\t\t\t\t<\/div>\n\t\t\t\t\t<\/div>\n\t\t<\/div>\n\t\t\t\t\t\t\t<\/div>\n\t\t<\/section>\n\t\t\t\t\t<\/div>\n\t\t<\/div>\n\t\t\t\t\t\t\t<\/div>\n\t\t<\/section>\n\t\t\t\t<section class=\"elementor-section elementor-top-section elementor-element elementor-element-9f7d415 elementor-hidden-desktop elementor-section-boxed elementor-section-height-default elementor-section-height-default\" data-id=\"9f7d415\" data-element_type=\"section\" data-settings=\"{&quot;background_background&quot;:&quot;classic&quot;}\">\n\t\t\t\t\t\t<div class=\"elementor-container elementor-column-gap-default\">\n\t\t\t\t\t<div class=\"elementor-column elementor-col-100 elementor-top-column elementor-element elementor-element-e923a90\" data-id=\"e923a90\" data-element_type=\"column\">\n\t\t\t<div class=\"elementor-widget-wrap elementor-element-populated\">\n\t\t\t\t\t\t\t\t<div class=\"elementor-element elementor-element-a70399b elementor-widget elementor-widget-heading\" data-id=\"a70399b\" data-element_type=\"widget\" data-widget_type=\"heading.default\">\n\t\t\t\t<div class=\"elementor-widget-container\">\n\t\t\t<h2 class=\"elementor-heading-title elementor-size-default\">P\u00e8rdua perillosa de convicci\u00f3 en el discurs sobre \"la nostra ra\u00f3 de ser\"  <\/h2>\t\t<\/div>\n\t\t\t\t<\/div>\n\t\t\t\t<div class=\"elementor-element elementor-element-54480c9 elementor-widget elementor-widget-spacer\" data-id=\"54480c9\" data-element_type=\"widget\" data-widget_type=\"spacer.default\">\n\t\t\t\t<div class=\"elementor-widget-container\">\n\t\t\t\t\t<div class=\"elementor-spacer\">\n\t\t\t<div class=\"elementor-spacer-inner\"><\/div>\n\t\t<\/div>\n\t\t\t\t<\/div>\n\t\t\t\t<\/div>\n\t\t\t\t<div class=\"elementor-element elementor-element-9f34df2 elementor-widget elementor-widget-heading\" data-id=\"9f34df2\" data-element_type=\"widget\" data-widget_type=\"heading.default\">\n\t\t\t\t<div class=\"elementor-widget-container\">\n\t\t\t<h2 class=\"elementor-heading-title elementor-size-default\">La situaci\u00f3<\/h2>\t\t<\/div>\n\t\t\t\t<\/div>\n\t\t\t\t<div class=\"elementor-element elementor-element-696020b elementor-widget elementor-widget-text-editor\" data-id=\"696020b\" data-element_type=\"widget\" data-widget_type=\"text-editor.default\">\n\t\t\t\t<div class=\"elementor-widget-container\">\n\t\t\t\t\t\t\t<p>Una directora d&#8217;una empresa p\u00fablica porta molts anys explicant de la mateixa manera el seu rol professional i la ra\u00f3 de ser del seu organisme. Est\u00e0 deixant de creure en el seu discurs. Considera que els termes que aplica ja no corresponen a la realitat i que ha de renovar la narrativa que els defineix com a organitzaci\u00f3.<\/p><p>Des del departament de comunicaci\u00f3 s&#8217;havia obert una campanya per a xarxes socials. Cada empleat o directiu havia d&#8217;explicar en un v\u00eddeo curt el que feia dins de l&#8217;empresa. Era la seva oportunitat per donar-li una volta al seu discurs habitual, que considerava caducat.<\/p>\t\t\t\t\t\t<\/div>\n\t\t\t\t<\/div>\n\t\t\t\t<div class=\"elementor-element elementor-element-a99cf5a elementor-widget elementor-widget-spacer\" data-id=\"a99cf5a\" data-element_type=\"widget\" data-widget_type=\"spacer.default\">\n\t\t\t\t<div class=\"elementor-widget-container\">\n\t\t\t\t\t<div class=\"elementor-spacer\">\n\t\t\t<div class=\"elementor-spacer-inner\"><\/div>\n\t\t<\/div>\n\t\t\t\t<\/div>\n\t\t\t\t<\/div>\n\t\t\t\t<div class=\"elementor-element elementor-element-bdc14e9 elementor-widget elementor-widget-heading\" data-id=\"bdc14e9\" data-element_type=\"widget\" data-widget_type=\"heading.default\">\n\t\t\t\t<div class=\"elementor-widget-container\">\n\t\t\t<h2 class=\"elementor-heading-title elementor-size-default\">El repte<\/h2>\t\t<\/div>\n\t\t\t\t<\/div>\n\t\t\t\t<div class=\"elementor-element elementor-element-432de32 elementor-widget elementor-widget-text-editor\" data-id=\"432de32\" data-element_type=\"widget\" data-widget_type=\"text-editor.default\">\n\t\t\t\t<div class=\"elementor-widget-container\">\n\t\t\t\t\t\t\t<p>Crear una nova narrativa professional i de l&#8217;organitzaci\u00f3 amb un llenguatge renovat. Eliminar termes buits o massa abstractes que no afavoreixin la comprensi\u00f3 del p\u00fablic.<\/p>\t\t\t\t\t\t<\/div>\n\t\t\t\t<\/div>\n\t\t\t\t<div class=\"elementor-element elementor-element-bb8cc03 elementor-align-left elementor-widget elementor-widget-button\" data-id=\"bb8cc03\" data-element_type=\"widget\" data-widget_type=\"button.default\">\n\t\t\t\t<div class=\"elementor-widget-container\">\n\t\t\t\t\t<div class=\"elementor-button-wrapper\">\n\t\t\t<a class=\"elementor-button elementor-button-link elementor-size-sm elementor-animation-grow\" href=\"\/ca\/casos-enfocats\/\">\n\t\t\t\t\t\t<span class=\"elementor-button-content-wrapper\">\n\t\t\t\t\t\t<span class=\"elementor-button-text\">TORNAR A L'\u00cdNDEX DE CASOS<\/span>\n\t\t<\/span>\n\t\t\t\t\t<\/a>\n\t\t<\/div>\n\t\t\t\t<\/div>\n\t\t\t\t<\/div>\n\t\t\t\t<div class=\"elementor-element elementor-element-43fa45f elementor-widget elementor-widget-spacer\" data-id=\"43fa45f\" data-element_type=\"widget\" data-widget_type=\"spacer.default\">\n\t\t\t\t<div class=\"elementor-widget-container\">\n\t\t\t\t\t<div class=\"elementor-spacer\">\n\t\t\t<div class=\"elementor-spacer-inner\"><\/div>\n\t\t<\/div>\n\t\t\t\t<\/div>\n\t\t\t\t<\/div>\n\t\t\t\t\t<\/div>\n\t\t<\/div>\n\t\t\t\t\t\t\t<\/div>\n\t\t<\/section>\n\t\t\t\t\t\t\t<\/div>\n\t\t","protected":false},"excerpt":{"rendered":"<p>P\u00e8rdua perillosa de convicci\u00f3 en el discurs sobre &#8220;la nostra ra\u00f3 de ser&#8221; La situaci\u00f3 Una directora d&#8217;una empresa p\u00fablica porta molts anys explicant de la mateixa manera el seu rol professional i la ra\u00f3 de ser del seu organisme. Est\u00e0 deixant de creure en el seu discurs. Considera que els termes que aplica ja [&hellip;]<\/p>\n","protected":false},"author":4,"featured_media":0,"parent":0,"menu_order":0,"comment_status":"closed","ping_status":"closed","template":"","meta":{"footnotes":""},"yoast_head":"<!-- This site is optimized with the Yoast SEO Premium plugin v20.11 (Yoast SEO v20.11) - https:\/\/yoast.com\/wordpress\/plugins\/seo\/ -->\n<title>Cas7 - Enfoques Audaces<\/title>\n<meta name=\"robots\" content=\"index, follow, max-snippet:-1, max-image-preview:large, max-video-preview:-1\" \/>\n<link rel=\"canonical\" href=\"https:\/\/enfoquesaudaces.com\/ca\/cas7\/\" \/>\n<meta property=\"og:locale\" content=\"ca_ES\" \/>\n<meta property=\"og:type\" content=\"article\" \/>\n<meta property=\"og:title\" content=\"Cas7\" \/>\n<meta property=\"og:description\" content=\"P\u00e8rdua perillosa de convicci\u00f3 en el discurs sobre &#8220;la nostra ra\u00f3 de ser&#8221; La situaci\u00f3 Una directora d&#8217;una empresa p\u00fablica porta molts anys explicant de la mateixa manera el seu rol professional i la ra\u00f3 de ser del seu organisme. Est\u00e0 deixant de creure en el seu discurs. Considera que els termes que aplica ja [&hellip;]\" \/>\n<meta property=\"og:url\" content=\"https:\/\/enfoquesaudaces.com\/ca\/cas7\/\" \/>\n<meta property=\"og:site_name\" content=\"Enfoques Audaces\" \/>\n<meta property=\"article:modified_time\" content=\"2024-01-25T12:08:52+00:00\" \/>\n<meta name=\"twitter:card\" content=\"summary_large_image\" \/>\n<meta name=\"twitter:label1\" content=\"Temps estimat de lectura\" \/>\n\t<meta name=\"twitter:data1\" content=\"2 minuts\" \/>\n<script type=\"application\/ld+json\" class=\"yoast-schema-graph\">{\"@context\":\"https:\/\/schema.org\",\"@graph\":[{\"@type\":\"WebPage\",\"@id\":\"https:\/\/enfoquesaudaces.com\/ca\/cas7\/\",\"url\":\"https:\/\/enfoquesaudaces.com\/ca\/cas7\/\",\"name\":\"Cas7 - Enfoques Audaces\",\"isPartOf\":{\"@id\":\"https:\/\/enfoquesaudaces.com\/#website\"},\"datePublished\":\"2023-10-02T19:23:24+00:00\",\"dateModified\":\"2024-01-25T12:08:52+00:00\",\"breadcrumb\":{\"@id\":\"https:\/\/enfoquesaudaces.com\/ca\/cas7\/#breadcrumb\"},\"inLanguage\":\"ca\",\"potentialAction\":[{\"@type\":\"ReadAction\",\"target\":[\"https:\/\/enfoquesaudaces.com\/ca\/cas7\/\"]}]},{\"@type\":\"BreadcrumbList\",\"@id\":\"https:\/\/enfoquesaudaces.com\/ca\/cas7\/#breadcrumb\",\"itemListElement\":[{\"@type\":\"ListItem\",\"position\":1,\"name\":\"Portada\",\"item\":\"https:\/\/enfoquesaudaces.com\/ca\/portada-inici\/\"},{\"@type\":\"ListItem\",\"position\":2,\"name\":\"Cas7\"}]},{\"@type\":\"WebSite\",\"@id\":\"https:\/\/enfoquesaudaces.com\/#website\",\"url\":\"https:\/\/enfoquesaudaces.com\/\",\"name\":\"Enfoques Audaces\",\"description\":\"\",\"publisher\":{\"@id\":\"https:\/\/enfoquesaudaces.com\/#organization\"},\"potentialAction\":[{\"@type\":\"SearchAction\",\"target\":{\"@type\":\"EntryPoint\",\"urlTemplate\":\"https:\/\/enfoquesaudaces.com\/?s={search_term_string}\"},\"query-input\":\"required name=search_term_string\"}],\"inLanguage\":\"ca\"},{\"@type\":\"Organization\",\"@id\":\"https:\/\/enfoquesaudaces.com\/#organization\",\"name\":\"Enfoques Audaces\",\"url\":\"https:\/\/enfoquesaudaces.com\/\",\"logo\":{\"@type\":\"ImageObject\",\"inLanguage\":\"ca\",\"@id\":\"https:\/\/enfoquesaudaces.com\/#\/schema\/logo\/image\/\",\"url\":\"https:\/\/enfoquesaudaces.com\/wp-content\/uploads\/2023\/06\/PUNTOAMARILLO_LOGO_4.png\",\"contentUrl\":\"https:\/\/enfoquesaudaces.com\/wp-content\/uploads\/2023\/06\/PUNTOAMARILLO_LOGO_4.png\",\"width\":500,\"height\":500,\"caption\":\"Enfoques Audaces\"},\"image\":{\"@id\":\"https:\/\/enfoquesaudaces.com\/#\/schema\/logo\/image\/\"}}]}<\/script>\n<!-- \/ Yoast SEO Premium plugin. -->","yoast_head_json":{"title":"Cas7 - Enfoques Audaces","robots":{"index":"index","follow":"follow","max-snippet":"max-snippet:-1","max-image-preview":"max-image-preview:large","max-video-preview":"max-video-preview:-1"},"canonical":"https:\/\/enfoquesaudaces.com\/ca\/cas7\/","og_locale":"ca_ES","og_type":"article","og_title":"Cas7","og_description":"P\u00e8rdua perillosa de convicci\u00f3 en el discurs sobre &#8220;la nostra ra\u00f3 de ser&#8221; La situaci\u00f3 Una directora d&#8217;una empresa p\u00fablica porta molts anys explicant de la mateixa manera el seu rol professional i la ra\u00f3 de ser del seu organisme. Est\u00e0 deixant de creure en el seu discurs. Considera que els termes que aplica ja [&hellip;]","og_url":"https:\/\/enfoquesaudaces.com\/ca\/cas7\/","og_site_name":"Enfoques Audaces","article_modified_time":"2024-01-25T12:08:52+00:00","twitter_card":"summary_large_image","twitter_misc":{"Temps estimat de lectura":"2 minuts"},"schema":{"@context":"https:\/\/schema.org","@graph":[{"@type":"WebPage","@id":"https:\/\/enfoquesaudaces.com\/ca\/cas7\/","url":"https:\/\/enfoquesaudaces.com\/ca\/cas7\/","name":"Cas7 - Enfoques Audaces","isPartOf":{"@id":"https:\/\/enfoquesaudaces.com\/#website"},"datePublished":"2023-10-02T19:23:24+00:00","dateModified":"2024-01-25T12:08:52+00:00","breadcrumb":{"@id":"https:\/\/enfoquesaudaces.com\/ca\/cas7\/#breadcrumb"},"inLanguage":"ca","potentialAction":[{"@type":"ReadAction","target":["https:\/\/enfoquesaudaces.com\/ca\/cas7\/"]}]},{"@type":"BreadcrumbList","@id":"https:\/\/enfoquesaudaces.com\/ca\/cas7\/#breadcrumb","itemListElement":[{"@type":"ListItem","position":1,"name":"Portada","item":"https:\/\/enfoquesaudaces.com\/ca\/portada-inici\/"},{"@type":"ListItem","position":2,"name":"Cas7"}]},{"@type":"WebSite","@id":"https:\/\/enfoquesaudaces.com\/#website","url":"https:\/\/enfoquesaudaces.com\/","name":"Enfoques Audaces","description":"","publisher":{"@id":"https:\/\/enfoquesaudaces.com\/#organization"},"potentialAction":[{"@type":"SearchAction","target":{"@type":"EntryPoint","urlTemplate":"https:\/\/enfoquesaudaces.com\/?s={search_term_string}"},"query-input":"required name=search_term_string"}],"inLanguage":"ca"},{"@type":"Organization","@id":"https:\/\/enfoquesaudaces.com\/#organization","name":"Enfoques Audaces","url":"https:\/\/enfoquesaudaces.com\/","logo":{"@type":"ImageObject","inLanguage":"ca","@id":"https:\/\/enfoquesaudaces.com\/#\/schema\/logo\/image\/","url":"https:\/\/enfoquesaudaces.com\/wp-content\/uploads\/2023\/06\/PUNTOAMARILLO_LOGO_4.png","contentUrl":"https:\/\/enfoquesaudaces.com\/wp-content\/uploads\/2023\/06\/PUNTOAMARILLO_LOGO_4.png","width":500,"height":500,"caption":"Enfoques Audaces"},"image":{"@id":"https:\/\/enfoquesaudaces.com\/#\/schema\/logo\/image\/"}}]}},"_links":{"self":[{"href":"https:\/\/enfoquesaudaces.com\/ca\/wp-json\/wp\/v2\/pages\/3484"}],"collection":[{"href":"https:\/\/enfoquesaudaces.com\/ca\/wp-json\/wp\/v2\/pages"}],"about":[{"href":"https:\/\/enfoquesaudaces.com\/ca\/wp-json\/wp\/v2\/types\/page"}],"author":[{"embeddable":true,"href":"https:\/\/enfoquesaudaces.com\/ca\/wp-json\/wp\/v2\/users\/4"}],"replies":[{"embeddable":true,"href":"https:\/\/enfoquesaudaces.com\/ca\/wp-json\/wp\/v2\/comments?post=3484"}],"version-history":[{"count":16,"href":"https:\/\/enfoquesaudaces.com\/ca\/wp-json\/wp\/v2\/pages\/3484\/revisions"}],"predecessor-version":[{"id":3815,"href":"https:\/\/enfoquesaudaces.com\/ca\/wp-json\/wp\/v2\/pages\/3484\/revisions\/3815"}],"wp:attachment":[{"href":"https:\/\/enfoquesaudaces.com\/ca\/wp-json\/wp\/v2\/media?parent=3484"}],"curies":[{"name":"wp","href":"https:\/\/api.w.org\/{rel}","templated":true}]}}