{"id":3476,"date":"2023-10-02T21:09:42","date_gmt":"2023-10-02T19:09:42","guid":{"rendered":"https:\/\/enfoquesaudaces.com\/cas2\/"},"modified":"2024-01-25T14:10:23","modified_gmt":"2024-01-25T12:10:23","slug":"cas2","status":"publish","type":"page","link":"https:\/\/enfoquesaudaces.com\/ca\/cas2\/","title":{"rendered":"Cas2"},"content":{"rendered":"\t\t<div data-elementor-type=\"wp-page\" data-elementor-id=\"3476\" class=\"elementor elementor-3476 elementor-692\" data-elementor-post-type=\"page\">\n\t\t\t\t\t\t\t\t\t<section class=\"elementor-section elementor-top-section elementor-element elementor-element-6a1d937 elementor-section-full_width elementor-hidden-tablet elementor-hidden-mobile elementor-section-height-default elementor-section-height-default\" data-id=\"6a1d937\" data-element_type=\"section\" data-settings=\"{&quot;background_background&quot;:&quot;classic&quot;}\">\n\t\t\t\t\t\t<div class=\"elementor-container elementor-column-gap-default\">\n\t\t\t\t\t<div class=\"elementor-column elementor-col-50 elementor-top-column elementor-element elementor-element-d2f5ae3\" data-id=\"d2f5ae3\" data-element_type=\"column\" data-settings=\"{&quot;background_background&quot;:&quot;classic&quot;}\">\n\t\t\t<div class=\"elementor-widget-wrap elementor-element-populated\">\n\t\t\t\t\t\t\t\t<div class=\"elementor-element elementor-element-d456369 elementor-widget elementor-widget-spacer\" data-id=\"d456369\" data-element_type=\"widget\" data-widget_type=\"spacer.default\">\n\t\t\t\t<div class=\"elementor-widget-container\">\n\t\t\t<style>\/*! elementor - v3.15.0 - 20-08-2023 *\/\n.elementor-column .elementor-spacer-inner{height:var(--spacer-size)}.e-con{--container-widget-width:100%}.e-con-inner>.elementor-widget-spacer,.e-con>.elementor-widget-spacer{width:var(--container-widget-width,var(--spacer-size));--align-self:var(--container-widget-align-self,initial);--flex-shrink:0}.e-con-inner>.elementor-widget-spacer>.elementor-widget-container,.e-con-inner>.elementor-widget-spacer>.elementor-widget-container>.elementor-spacer,.e-con>.elementor-widget-spacer>.elementor-widget-container,.e-con>.elementor-widget-spacer>.elementor-widget-container>.elementor-spacer{height:100%}.e-con-inner>.elementor-widget-spacer>.elementor-widget-container>.elementor-spacer>.elementor-spacer-inner,.e-con>.elementor-widget-spacer>.elementor-widget-container>.elementor-spacer>.elementor-spacer-inner{height:var(--container-widget-height,var(--spacer-size))}<\/style>\t\t<div class=\"elementor-spacer\">\n\t\t\t<div class=\"elementor-spacer-inner\"><\/div>\n\t\t<\/div>\n\t\t\t\t<\/div>\n\t\t\t\t<\/div>\n\t\t\t\t<div class=\"elementor-element elementor-element-23edc8e elementor-view-default elementor-widget elementor-widget-icon\" data-id=\"23edc8e\" data-element_type=\"widget\" data-widget_type=\"icon.default\">\n\t\t\t\t<div class=\"elementor-widget-container\">\n\t\t\t\t\t<div class=\"elementor-icon-wrapper\">\n\t\t\t<a class=\"elementor-icon\" href=\"https:\/\/enfoquesaudaces.com\/ca\/cas1\/\">\n\t\t\t<i aria-hidden=\"true\" class=\"fas fa-arrow-left\"><\/i>\t\t\t<\/a>\n\t\t<\/div>\n\t\t\t\t<\/div>\n\t\t\t\t<\/div>\n\t\t\t\t<div class=\"elementor-element elementor-element-049874e elementor-widget elementor-widget-spacer\" data-id=\"049874e\" data-element_type=\"widget\" data-widget_type=\"spacer.default\">\n\t\t\t\t<div class=\"elementor-widget-container\">\n\t\t\t\t\t<div class=\"elementor-spacer\">\n\t\t\t<div class=\"elementor-spacer-inner\"><\/div>\n\t\t<\/div>\n\t\t\t\t<\/div>\n\t\t\t\t<\/div>\n\t\t\t\t\t<\/div>\n\t\t<\/div>\n\t\t\t\t<div class=\"elementor-column elementor-col-50 elementor-top-column elementor-element elementor-element-9f08785\" data-id=\"9f08785\" data-element_type=\"column\">\n\t\t\t<div class=\"elementor-widget-wrap elementor-element-populated\">\n\t\t\t\t\t\t\t\t<div class=\"elementor-element elementor-element-311e224 elementor-widget elementor-widget-spacer\" data-id=\"311e224\" data-element_type=\"widget\" data-widget_type=\"spacer.default\">\n\t\t\t\t<div class=\"elementor-widget-container\">\n\t\t\t\t\t<div class=\"elementor-spacer\">\n\t\t\t<div class=\"elementor-spacer-inner\"><\/div>\n\t\t<\/div>\n\t\t\t\t<\/div>\n\t\t\t\t<\/div>\n\t\t\t\t<div class=\"elementor-element elementor-element-7acd6f4 elementor-view-default elementor-widget elementor-widget-icon\" data-id=\"7acd6f4\" data-element_type=\"widget\" data-widget_type=\"icon.default\">\n\t\t\t\t<div class=\"elementor-widget-container\">\n\t\t\t\t\t<div class=\"elementor-icon-wrapper\">\n\t\t\t<a class=\"elementor-icon\" href=\"https:\/\/enfoquesaudaces.com\/ca\/cas3\/\">\n\t\t\t<i aria-hidden=\"true\" class=\"fas fa-arrow-right\"><\/i>\t\t\t<\/a>\n\t\t<\/div>\n\t\t\t\t<\/div>\n\t\t\t\t<\/div>\n\t\t\t\t<div class=\"elementor-element elementor-element-9cbfbf0 elementor-widget elementor-widget-spacer\" data-id=\"9cbfbf0\" data-element_type=\"widget\" data-widget_type=\"spacer.default\">\n\t\t\t\t<div class=\"elementor-widget-container\">\n\t\t\t\t\t<div class=\"elementor-spacer\">\n\t\t\t<div class=\"elementor-spacer-inner\"><\/div>\n\t\t<\/div>\n\t\t\t\t<\/div>\n\t\t\t\t<\/div>\n\t\t\t\t<div class=\"elementor-element elementor-element-ee049d8 elementor-widget elementor-widget-heading\" data-id=\"ee049d8\" data-element_type=\"widget\" data-widget_type=\"heading.default\">\n\t\t\t\t<div class=\"elementor-widget-container\">\n\t\t\t<style>\/*! elementor - v3.15.0 - 20-08-2023 *\/\n.elementor-heading-title{padding:0;margin:0;line-height:1}.elementor-widget-heading .elementor-heading-title[class*=elementor-size-]>a{color:inherit;font-size:inherit;line-height:inherit}.elementor-widget-heading .elementor-heading-title.elementor-size-small{font-size:15px}.elementor-widget-heading .elementor-heading-title.elementor-size-medium{font-size:19px}.elementor-widget-heading .elementor-heading-title.elementor-size-large{font-size:29px}.elementor-widget-heading .elementor-heading-title.elementor-size-xl{font-size:39px}.elementor-widget-heading .elementor-heading-title.elementor-size-xxl{font-size:59px}<\/style><h2 class=\"elementor-heading-title elementor-size-default\">Crear presentacions avorriment-free i sense migdiadeta afegida<\/h2>\t\t<\/div>\n\t\t\t\t<\/div>\n\t\t\t\t<div class=\"elementor-element elementor-element-64dfcad elementor-widget elementor-widget-spacer\" data-id=\"64dfcad\" data-element_type=\"widget\" data-widget_type=\"spacer.default\">\n\t\t\t\t<div class=\"elementor-widget-container\">\n\t\t\t\t\t<div class=\"elementor-spacer\">\n\t\t\t<div class=\"elementor-spacer-inner\"><\/div>\n\t\t<\/div>\n\t\t\t\t<\/div>\n\t\t\t\t<\/div>\n\t\t\t\t<div class=\"elementor-element elementor-element-c5bded0 elementor-widget elementor-widget-heading\" data-id=\"c5bded0\" data-element_type=\"widget\" data-widget_type=\"heading.default\">\n\t\t\t\t<div class=\"elementor-widget-container\">\n\t\t\t<h2 class=\"elementor-heading-title elementor-size-default\">La situaci\u00f3<\/h2>\t\t<\/div>\n\t\t\t\t<\/div>\n\t\t\t\t<div class=\"elementor-element elementor-element-f89db27 elementor-widget elementor-widget-text-editor\" data-id=\"f89db27\" data-element_type=\"widget\" data-widget_type=\"text-editor.default\">\n\t\t\t\t<div class=\"elementor-widget-container\">\n\t\t\t<style>\/*! elementor - v3.15.0 - 20-08-2023 *\/\n.elementor-widget-text-editor.elementor-drop-cap-view-stacked .elementor-drop-cap{background-color:#69727d;color:#fff}.elementor-widget-text-editor.elementor-drop-cap-view-framed .elementor-drop-cap{color:#69727d;border:3px solid;background-color:transparent}.elementor-widget-text-editor:not(.elementor-drop-cap-view-default) .elementor-drop-cap{margin-top:8px}.elementor-widget-text-editor:not(.elementor-drop-cap-view-default) .elementor-drop-cap-letter{width:1em;height:1em}.elementor-widget-text-editor .elementor-drop-cap{float:left;text-align:center;line-height:1;font-size:50px}.elementor-widget-text-editor .elementor-drop-cap-letter{display:inline-block}<\/style>\t\t\t\t<p>Una jurista havia de preparar una presentaci\u00f3 interna sobre les novetats de la llei Trans i LGTBI. Anava adre\u00e7ada a persones del mateix departament. Estava cansada de crear presentacions avorrides i saturades d&#8217;informaci\u00f3. Va aprofitar el workshop per trencar vells h\u00e0bits, explorar amb enfocaments m\u00e9s emocionals i aplicar t\u00e8cniques de s\u00edntesi. Volia que la seva presentaci\u00f3 fos realment clara i emocionant.  <\/p>\n\t\t\t\t\t\t<\/div>\n\t\t\t\t<\/div>\n\t\t\t\t<div class=\"elementor-element elementor-element-3fac5b6 elementor-widget elementor-widget-heading\" data-id=\"3fac5b6\" data-element_type=\"widget\" data-widget_type=\"heading.default\">\n\t\t\t\t<div class=\"elementor-widget-container\">\n\t\t\t<h2 class=\"elementor-heading-title elementor-size-default\">El repte<\/h2>\t\t<\/div>\n\t\t\t\t<\/div>\n\t\t\t\t<div class=\"elementor-element elementor-element-f075dfc elementor-widget elementor-widget-text-editor\" data-id=\"f075dfc\" data-element_type=\"widget\" data-widget_type=\"text-editor.default\">\n\t\t\t\t<div class=\"elementor-widget-container\">\n\t\t\t\t\t\t\t<p>Explicar una mat\u00e8ria pesada de manera lleugera. Utilitzem t\u00e8cniques de l&#8217;storytelling per donar dots humans a la llei en q\u00fcesti\u00f3. D&#8217;aquesta manera, aconseguim humanitzar un concepte ardu i li constru\u00efm un periple narratiu basat en conflictes interns i obstacles externs. Per aconseguir la s\u00edntesi, la vaig guiar per prendre decisions sobre la informaci\u00f3 de qu\u00e8 podia prescindir. Els vells h\u00e0bits sempre et boicotegen en els moments d&#8217;esborrat d&#8217;informaci\u00f3. Al final del workshop, tenia un inici de presentaci\u00f3 amb molta claredat i amb elements narratius mai vistos al seu departament.&nbsp;<\/p>\n\t\t\t\t\t\t<\/div>\n\t\t\t\t<\/div>\n\t\t\t\t<div class=\"elementor-element elementor-element-24f0a50 elementor-align-left elementor-widget elementor-widget-button\" data-id=\"24f0a50\" data-element_type=\"widget\" data-widget_type=\"button.default\">\n\t\t\t\t<div class=\"elementor-widget-container\">\n\t\t\t\t\t<div class=\"elementor-button-wrapper\">\n\t\t\t<a class=\"elementor-button elementor-button-link elementor-size-sm elementor-animation-grow\" href=\"\/ca\/casos-enfocats\/\">\n\t\t\t\t\t\t<span class=\"elementor-button-content-wrapper\">\n\t\t\t\t\t\t<span class=\"elementor-button-text\">TORNAR A L'\u00cdNDEX DE CASOS<\/span>\n\t\t<\/span>\n\t\t\t\t\t<\/a>\n\t\t<\/div>\n\t\t\t\t<\/div>\n\t\t\t\t<\/div>\n\t\t\t\t<div class=\"elementor-element elementor-element-10f78ba elementor-widget elementor-widget-spacer\" data-id=\"10f78ba\" data-element_type=\"widget\" data-widget_type=\"spacer.default\">\n\t\t\t\t<div class=\"elementor-widget-container\">\n\t\t\t\t\t<div class=\"elementor-spacer\">\n\t\t\t<div class=\"elementor-spacer-inner\"><\/div>\n\t\t<\/div>\n\t\t\t\t<\/div>\n\t\t\t\t<\/div>\n\t\t\t\t\t<\/div>\n\t\t<\/div>\n\t\t\t\t\t\t\t<\/div>\n\t\t<\/section>\n\t\t\t\t<section class=\"elementor-section elementor-top-section elementor-element elementor-element-2c28aa3 elementor-hidden-desktop elementor-section-boxed elementor-section-height-default elementor-section-height-default\" data-id=\"2c28aa3\" data-element_type=\"section\" data-settings=\"{&quot;background_background&quot;:&quot;classic&quot;}\">\n\t\t\t\t\t\t\t<div class=\"elementor-background-overlay\"><\/div>\n\t\t\t\t\t\t\t<div class=\"elementor-container elementor-column-gap-default\">\n\t\t\t\t\t<div class=\"elementor-column elementor-col-100 elementor-top-column elementor-element elementor-element-69660ba\" data-id=\"69660ba\" data-element_type=\"column\">\n\t\t\t<div class=\"elementor-widget-wrap elementor-element-populated\">\n\t\t\t\t\t\t\t\t<div class=\"elementor-element elementor-element-67f8864 elementor-widget elementor-widget-spacer\" data-id=\"67f8864\" data-element_type=\"widget\" data-widget_type=\"spacer.default\">\n\t\t\t\t<div class=\"elementor-widget-container\">\n\t\t\t\t\t<div class=\"elementor-spacer\">\n\t\t\t<div class=\"elementor-spacer-inner\"><\/div>\n\t\t<\/div>\n\t\t\t\t<\/div>\n\t\t\t\t<\/div>\n\t\t\t\t<section class=\"elementor-section elementor-inner-section elementor-element elementor-element-a6ba003 elementor-section-boxed elementor-section-height-default elementor-section-height-default\" data-id=\"a6ba003\" data-element_type=\"section\">\n\t\t\t\t\t\t<div class=\"elementor-container elementor-column-gap-default\">\n\t\t\t\t\t<div class=\"elementor-column elementor-col-50 elementor-inner-column elementor-element elementor-element-608e071\" data-id=\"608e071\" data-element_type=\"column\">\n\t\t\t<div class=\"elementor-widget-wrap elementor-element-populated\">\n\t\t\t\t\t\t\t\t<div class=\"elementor-element elementor-element-9f7fe2d elementor-view-default elementor-widget elementor-widget-icon\" data-id=\"9f7fe2d\" data-element_type=\"widget\" data-widget_type=\"icon.default\">\n\t\t\t\t<div class=\"elementor-widget-container\">\n\t\t\t\t\t<div class=\"elementor-icon-wrapper\">\n\t\t\t<a class=\"elementor-icon\" href=\"https:\/\/enfoquesaudaces.com\/ca\/cas1\/\">\n\t\t\t<i aria-hidden=\"true\" class=\"fas fa-arrow-left\"><\/i>\t\t\t<\/a>\n\t\t<\/div>\n\t\t\t\t<\/div>\n\t\t\t\t<\/div>\n\t\t\t\t\t<\/div>\n\t\t<\/div>\n\t\t\t\t<div class=\"elementor-column elementor-col-50 elementor-inner-column elementor-element elementor-element-d05bd28\" data-id=\"d05bd28\" data-element_type=\"column\">\n\t\t\t<div class=\"elementor-widget-wrap elementor-element-populated\">\n\t\t\t\t\t\t\t\t<div class=\"elementor-element elementor-element-ba5fd2b elementor-view-default elementor-widget elementor-widget-icon\" data-id=\"ba5fd2b\" data-element_type=\"widget\" data-widget_type=\"icon.default\">\n\t\t\t\t<div class=\"elementor-widget-container\">\n\t\t\t\t\t<div class=\"elementor-icon-wrapper\">\n\t\t\t<a class=\"elementor-icon\" href=\"https:\/\/enfoquesaudaces.com\/caso3\/\">\n\t\t\t<i aria-hidden=\"true\" class=\"fas fa-arrow-right\"><\/i>\t\t\t<\/a>\n\t\t<\/div>\n\t\t\t\t<\/div>\n\t\t\t\t<\/div>\n\t\t\t\t\t<\/div>\n\t\t<\/div>\n\t\t\t\t\t\t\t<\/div>\n\t\t<\/section>\n\t\t\t\t\t<\/div>\n\t\t<\/div>\n\t\t\t\t\t\t\t<\/div>\n\t\t<\/section>\n\t\t\t\t<section class=\"elementor-section elementor-top-section elementor-element elementor-element-ed71889 elementor-hidden-desktop elementor-section-boxed elementor-section-height-default elementor-section-height-default\" data-id=\"ed71889\" data-element_type=\"section\" data-settings=\"{&quot;background_background&quot;:&quot;classic&quot;}\">\n\t\t\t\t\t\t<div class=\"elementor-container elementor-column-gap-default\">\n\t\t\t\t\t<div class=\"elementor-column elementor-col-100 elementor-top-column elementor-element elementor-element-0a094e7\" data-id=\"0a094e7\" data-element_type=\"column\">\n\t\t\t<div class=\"elementor-widget-wrap elementor-element-populated\">\n\t\t\t\t\t\t\t\t<div class=\"elementor-element elementor-element-a930188 elementor-widget elementor-widget-heading\" data-id=\"a930188\" data-element_type=\"widget\" data-widget_type=\"heading.default\">\n\t\t\t\t<div class=\"elementor-widget-container\">\n\t\t\t<h2 class=\"elementor-heading-title elementor-size-default\">Crear presentacions avorriment-free i sense migdiadeta afegida<\/h2>\t\t<\/div>\n\t\t\t\t<\/div>\n\t\t\t\t<div class=\"elementor-element elementor-element-54532ca elementor-widget elementor-widget-spacer\" data-id=\"54532ca\" data-element_type=\"widget\" data-widget_type=\"spacer.default\">\n\t\t\t\t<div class=\"elementor-widget-container\">\n\t\t\t\t\t<div class=\"elementor-spacer\">\n\t\t\t<div class=\"elementor-spacer-inner\"><\/div>\n\t\t<\/div>\n\t\t\t\t<\/div>\n\t\t\t\t<\/div>\n\t\t\t\t<div class=\"elementor-element elementor-element-97e8a3f elementor-widget elementor-widget-heading\" data-id=\"97e8a3f\" data-element_type=\"widget\" data-widget_type=\"heading.default\">\n\t\t\t\t<div class=\"elementor-widget-container\">\n\t\t\t<h2 class=\"elementor-heading-title elementor-size-default\">La situaci\u00f3<\/h2>\t\t<\/div>\n\t\t\t\t<\/div>\n\t\t\t\t<div class=\"elementor-element elementor-element-a925d1f elementor-widget elementor-widget-text-editor\" data-id=\"a925d1f\" data-element_type=\"widget\" data-widget_type=\"text-editor.default\">\n\t\t\t\t<div class=\"elementor-widget-container\">\n\t\t\t\t\t\t\t<p>Una jurista havia de preparar una presentaci\u00f3 interna sobre les novetats de la llei Trans i LGTBI. Anava adre\u00e7ada a persones del mateix departament. Estava cansada de crear presentacions avorrides i saturades d&#8217;informaci\u00f3. Va aprofitar el workshop per trencar vells h\u00e0bits, explorar amb enfocaments m\u00e9s emocionals i aplicar t\u00e8cniques de s\u00edntesi. Volia que la seva presentaci\u00f3 fos realment clara i emocionant.  <\/p>\n\t\t\t\t\t\t<\/div>\n\t\t\t\t<\/div>\n\t\t\t\t<div class=\"elementor-element elementor-element-c448547 elementor-widget elementor-widget-spacer\" data-id=\"c448547\" data-element_type=\"widget\" data-widget_type=\"spacer.default\">\n\t\t\t\t<div class=\"elementor-widget-container\">\n\t\t\t\t\t<div class=\"elementor-spacer\">\n\t\t\t<div class=\"elementor-spacer-inner\"><\/div>\n\t\t<\/div>\n\t\t\t\t<\/div>\n\t\t\t\t<\/div>\n\t\t\t\t<div class=\"elementor-element elementor-element-1c9c924 elementor-widget elementor-widget-heading\" data-id=\"1c9c924\" data-element_type=\"widget\" data-widget_type=\"heading.default\">\n\t\t\t\t<div class=\"elementor-widget-container\">\n\t\t\t<h2 class=\"elementor-heading-title elementor-size-default\">El repte<\/h2>\t\t<\/div>\n\t\t\t\t<\/div>\n\t\t\t\t<div class=\"elementor-element elementor-element-2373a12 elementor-widget elementor-widget-text-editor\" data-id=\"2373a12\" data-element_type=\"widget\" data-widget_type=\"text-editor.default\">\n\t\t\t\t<div class=\"elementor-widget-container\">\n\t\t\t\t\t\t\t<p>Explicar una mat\u00e8ria pesada de manera lleugera. Utilitzem t\u00e8cniques de l&#8217;storytelling per donar dots humans a la llei en q\u00fcesti\u00f3. D&#8217;aquesta manera, aconseguim humanitzar un concepte ardu i li constru\u00efm un periple narratiu basat en conflictes interns i obstacles externs. Per aconseguir la s\u00edntesi, la vaig guiar per prendre decisions sobre la informaci\u00f3 de qu\u00e8 podia prescindir. Els vells h\u00e0bits sempre et boicotegen en els moments d&#8217;esborrat d&#8217;informaci\u00f3. Al final del workshop, tenia un inici de presentaci\u00f3 amb molta claredat i amb elements narratius mai vistos al seu departament.&nbsp;<\/p>\n\t\t\t\t\t\t<\/div>\n\t\t\t\t<\/div>\n\t\t\t\t<div class=\"elementor-element elementor-element-54d9836 elementor-align-left elementor-widget elementor-widget-button\" data-id=\"54d9836\" data-element_type=\"widget\" data-widget_type=\"button.default\">\n\t\t\t\t<div class=\"elementor-widget-container\">\n\t\t\t\t\t<div class=\"elementor-button-wrapper\">\n\t\t\t<a class=\"elementor-button elementor-button-link elementor-size-sm elementor-animation-grow\" href=\"\/ca\/casos-enfocats\/\">\n\t\t\t\t\t\t<span class=\"elementor-button-content-wrapper\">\n\t\t\t\t\t\t<span class=\"elementor-button-text\">TORNAR A L'\u00cdNDEX DE CASOS<\/span>\n\t\t<\/span>\n\t\t\t\t\t<\/a>\n\t\t<\/div>\n\t\t\t\t<\/div>\n\t\t\t\t<\/div>\n\t\t\t\t<div class=\"elementor-element elementor-element-a1e2366 elementor-widget elementor-widget-spacer\" data-id=\"a1e2366\" data-element_type=\"widget\" data-widget_type=\"spacer.default\">\n\t\t\t\t<div class=\"elementor-widget-container\">\n\t\t\t\t\t<div class=\"elementor-spacer\">\n\t\t\t<div class=\"elementor-spacer-inner\"><\/div>\n\t\t<\/div>\n\t\t\t\t<\/div>\n\t\t\t\t<\/div>\n\t\t\t\t\t<\/div>\n\t\t<\/div>\n\t\t\t\t\t\t\t<\/div>\n\t\t<\/section>\n\t\t\t\t\t\t\t<\/div>\n\t\t","protected":false},"excerpt":{"rendered":"<p>Crear presentacions avorriment-free i sense migdiadeta afegida La situaci\u00f3 Una jurista havia de preparar una presentaci\u00f3 interna sobre les novetats de la llei Trans i LGTBI. Anava adre\u00e7ada a persones del mateix departament. Estava cansada de crear presentacions avorrides i saturades d&#8217;informaci\u00f3. Va aprofitar el workshop per trencar vells h\u00e0bits, explorar amb enfocaments m\u00e9s emocionals [&hellip;]<\/p>\n","protected":false},"author":4,"featured_media":0,"parent":0,"menu_order":0,"comment_status":"closed","ping_status":"closed","template":"","meta":{"footnotes":""},"yoast_head":"<!-- This site is optimized with the Yoast SEO Premium plugin v20.11 (Yoast SEO v20.11) - https:\/\/yoast.com\/wordpress\/plugins\/seo\/ -->\n<title>Cas2 - Enfoques Audaces<\/title>\n<meta name=\"robots\" content=\"index, follow, max-snippet:-1, max-image-preview:large, max-video-preview:-1\" \/>\n<link rel=\"canonical\" href=\"https:\/\/enfoquesaudaces.com\/ca\/cas2\/\" \/>\n<meta property=\"og:locale\" content=\"ca_ES\" \/>\n<meta property=\"og:type\" content=\"article\" \/>\n<meta property=\"og:title\" content=\"Cas2\" \/>\n<meta property=\"og:description\" content=\"Crear presentacions avorriment-free i sense migdiadeta afegida La situaci\u00f3 Una jurista havia de preparar una presentaci\u00f3 interna sobre les novetats de la llei Trans i LGTBI. Anava adre\u00e7ada a persones del mateix departament. Estava cansada de crear presentacions avorrides i saturades d&#8217;informaci\u00f3. Va aprofitar el workshop per trencar vells h\u00e0bits, explorar amb enfocaments m\u00e9s emocionals [&hellip;]\" \/>\n<meta property=\"og:url\" content=\"https:\/\/enfoquesaudaces.com\/ca\/cas2\/\" \/>\n<meta property=\"og:site_name\" content=\"Enfoques Audaces\" \/>\n<meta property=\"article:modified_time\" content=\"2024-01-25T12:10:23+00:00\" \/>\n<meta name=\"twitter:card\" content=\"summary_large_image\" \/>\n<meta name=\"twitter:label1\" content=\"Temps estimat de lectura\" \/>\n\t<meta name=\"twitter:data1\" content=\"2 minuts\" \/>\n<script type=\"application\/ld+json\" class=\"yoast-schema-graph\">{\"@context\":\"https:\/\/schema.org\",\"@graph\":[{\"@type\":\"WebPage\",\"@id\":\"https:\/\/enfoquesaudaces.com\/ca\/cas2\/\",\"url\":\"https:\/\/enfoquesaudaces.com\/ca\/cas2\/\",\"name\":\"Cas2 - Enfoques Audaces\",\"isPartOf\":{\"@id\":\"https:\/\/enfoquesaudaces.com\/#website\"},\"datePublished\":\"2023-10-02T19:09:42+00:00\",\"dateModified\":\"2024-01-25T12:10:23+00:00\",\"breadcrumb\":{\"@id\":\"https:\/\/enfoquesaudaces.com\/ca\/cas2\/#breadcrumb\"},\"inLanguage\":\"ca\",\"potentialAction\":[{\"@type\":\"ReadAction\",\"target\":[\"https:\/\/enfoquesaudaces.com\/ca\/cas2\/\"]}]},{\"@type\":\"BreadcrumbList\",\"@id\":\"https:\/\/enfoquesaudaces.com\/ca\/cas2\/#breadcrumb\",\"itemListElement\":[{\"@type\":\"ListItem\",\"position\":1,\"name\":\"Portada\",\"item\":\"https:\/\/enfoquesaudaces.com\/ca\/portada-inici\/\"},{\"@type\":\"ListItem\",\"position\":2,\"name\":\"Cas2\"}]},{\"@type\":\"WebSite\",\"@id\":\"https:\/\/enfoquesaudaces.com\/#website\",\"url\":\"https:\/\/enfoquesaudaces.com\/\",\"name\":\"Enfoques Audaces\",\"description\":\"\",\"publisher\":{\"@id\":\"https:\/\/enfoquesaudaces.com\/#organization\"},\"potentialAction\":[{\"@type\":\"SearchAction\",\"target\":{\"@type\":\"EntryPoint\",\"urlTemplate\":\"https:\/\/enfoquesaudaces.com\/?s={search_term_string}\"},\"query-input\":\"required name=search_term_string\"}],\"inLanguage\":\"ca\"},{\"@type\":\"Organization\",\"@id\":\"https:\/\/enfoquesaudaces.com\/#organization\",\"name\":\"Enfoques Audaces\",\"url\":\"https:\/\/enfoquesaudaces.com\/\",\"logo\":{\"@type\":\"ImageObject\",\"inLanguage\":\"ca\",\"@id\":\"https:\/\/enfoquesaudaces.com\/#\/schema\/logo\/image\/\",\"url\":\"https:\/\/enfoquesaudaces.com\/wp-content\/uploads\/2023\/06\/PUNTOAMARILLO_LOGO_4.png\",\"contentUrl\":\"https:\/\/enfoquesaudaces.com\/wp-content\/uploads\/2023\/06\/PUNTOAMARILLO_LOGO_4.png\",\"width\":500,\"height\":500,\"caption\":\"Enfoques Audaces\"},\"image\":{\"@id\":\"https:\/\/enfoquesaudaces.com\/#\/schema\/logo\/image\/\"}}]}<\/script>\n<!-- \/ Yoast SEO Premium plugin. -->","yoast_head_json":{"title":"Cas2 - Enfoques Audaces","robots":{"index":"index","follow":"follow","max-snippet":"max-snippet:-1","max-image-preview":"max-image-preview:large","max-video-preview":"max-video-preview:-1"},"canonical":"https:\/\/enfoquesaudaces.com\/ca\/cas2\/","og_locale":"ca_ES","og_type":"article","og_title":"Cas2","og_description":"Crear presentacions avorriment-free i sense migdiadeta afegida La situaci\u00f3 Una jurista havia de preparar una presentaci\u00f3 interna sobre les novetats de la llei Trans i LGTBI. Anava adre\u00e7ada a persones del mateix departament. Estava cansada de crear presentacions avorrides i saturades d&#8217;informaci\u00f3. Va aprofitar el workshop per trencar vells h\u00e0bits, explorar amb enfocaments m\u00e9s emocionals [&hellip;]","og_url":"https:\/\/enfoquesaudaces.com\/ca\/cas2\/","og_site_name":"Enfoques Audaces","article_modified_time":"2024-01-25T12:10:23+00:00","twitter_card":"summary_large_image","twitter_misc":{"Temps estimat de lectura":"2 minuts"},"schema":{"@context":"https:\/\/schema.org","@graph":[{"@type":"WebPage","@id":"https:\/\/enfoquesaudaces.com\/ca\/cas2\/","url":"https:\/\/enfoquesaudaces.com\/ca\/cas2\/","name":"Cas2 - Enfoques Audaces","isPartOf":{"@id":"https:\/\/enfoquesaudaces.com\/#website"},"datePublished":"2023-10-02T19:09:42+00:00","dateModified":"2024-01-25T12:10:23+00:00","breadcrumb":{"@id":"https:\/\/enfoquesaudaces.com\/ca\/cas2\/#breadcrumb"},"inLanguage":"ca","potentialAction":[{"@type":"ReadAction","target":["https:\/\/enfoquesaudaces.com\/ca\/cas2\/"]}]},{"@type":"BreadcrumbList","@id":"https:\/\/enfoquesaudaces.com\/ca\/cas2\/#breadcrumb","itemListElement":[{"@type":"ListItem","position":1,"name":"Portada","item":"https:\/\/enfoquesaudaces.com\/ca\/portada-inici\/"},{"@type":"ListItem","position":2,"name":"Cas2"}]},{"@type":"WebSite","@id":"https:\/\/enfoquesaudaces.com\/#website","url":"https:\/\/enfoquesaudaces.com\/","name":"Enfoques Audaces","description":"","publisher":{"@id":"https:\/\/enfoquesaudaces.com\/#organization"},"potentialAction":[{"@type":"SearchAction","target":{"@type":"EntryPoint","urlTemplate":"https:\/\/enfoquesaudaces.com\/?s={search_term_string}"},"query-input":"required name=search_term_string"}],"inLanguage":"ca"},{"@type":"Organization","@id":"https:\/\/enfoquesaudaces.com\/#organization","name":"Enfoques Audaces","url":"https:\/\/enfoquesaudaces.com\/","logo":{"@type":"ImageObject","inLanguage":"ca","@id":"https:\/\/enfoquesaudaces.com\/#\/schema\/logo\/image\/","url":"https:\/\/enfoquesaudaces.com\/wp-content\/uploads\/2023\/06\/PUNTOAMARILLO_LOGO_4.png","contentUrl":"https:\/\/enfoquesaudaces.com\/wp-content\/uploads\/2023\/06\/PUNTOAMARILLO_LOGO_4.png","width":500,"height":500,"caption":"Enfoques Audaces"},"image":{"@id":"https:\/\/enfoquesaudaces.com\/#\/schema\/logo\/image\/"}}]}},"_links":{"self":[{"href":"https:\/\/enfoquesaudaces.com\/ca\/wp-json\/wp\/v2\/pages\/3476"}],"collection":[{"href":"https:\/\/enfoquesaudaces.com\/ca\/wp-json\/wp\/v2\/pages"}],"about":[{"href":"https:\/\/enfoquesaudaces.com\/ca\/wp-json\/wp\/v2\/types\/page"}],"author":[{"embeddable":true,"href":"https:\/\/enfoquesaudaces.com\/ca\/wp-json\/wp\/v2\/users\/4"}],"replies":[{"embeddable":true,"href":"https:\/\/enfoquesaudaces.com\/ca\/wp-json\/wp\/v2\/comments?post=3476"}],"version-history":[{"count":16,"href":"https:\/\/enfoquesaudaces.com\/ca\/wp-json\/wp\/v2\/pages\/3476\/revisions"}],"predecessor-version":[{"id":3827,"href":"https:\/\/enfoquesaudaces.com\/ca\/wp-json\/wp\/v2\/pages\/3476\/revisions\/3827"}],"wp:attachment":[{"href":"https:\/\/enfoquesaudaces.com\/ca\/wp-json\/wp\/v2\/media?parent=3476"}],"curies":[{"name":"wp","href":"https:\/\/api.w.org\/{rel}","templated":true}]}}