{"id":3442,"date":"2023-07-09T22:57:05","date_gmt":"2023-07-09T20:57:05","guid":{"rendered":"https:\/\/enfoquesaudaces.com\/politica-de-privadesa\/"},"modified":"2024-01-15T00:10:08","modified_gmt":"2024-01-14T22:10:08","slug":"politica-de-privadesa","status":"publish","type":"page","link":"https:\/\/enfoquesaudaces.com\/ca\/politica-de-privadesa\/","title":{"rendered":"Pol\u00edtica de privadesa"},"content":{"rendered":"\t\t<div data-elementor-type=\"wp-page\" data-elementor-id=\"3442\" class=\"elementor elementor-3442 elementor-82\" data-elementor-post-type=\"page\">\n\t\t\t\t\t\t\t\t\t<section class=\"elementor-section elementor-top-section elementor-element elementor-element-d00621c elementor-section-boxed elementor-section-height-default elementor-section-height-default\" data-id=\"d00621c\" data-element_type=\"section\">\n\t\t\t\t\t\t<div class=\"elementor-container elementor-column-gap-default\">\n\t\t\t\t\t<div class=\"elementor-column elementor-col-100 elementor-top-column elementor-element elementor-element-322c026\" data-id=\"322c026\" data-element_type=\"column\">\n\t\t\t<div class=\"elementor-widget-wrap elementor-element-populated\">\n\t\t\t\t\t\t\t\t<div class=\"elementor-element elementor-element-a2417c3 elementor-widget elementor-widget-text-editor\" data-id=\"a2417c3\" data-element_type=\"widget\" data-widget_type=\"text-editor.default\">\n\t\t\t\t<div class=\"elementor-widget-container\">\n\t\t\t<style>\/*! elementor - v3.15.0 - 20-08-2023 *\/\n.elementor-widget-text-editor.elementor-drop-cap-view-stacked .elementor-drop-cap{background-color:#69727d;color:#fff}.elementor-widget-text-editor.elementor-drop-cap-view-framed .elementor-drop-cap{color:#69727d;border:3px solid;background-color:transparent}.elementor-widget-text-editor:not(.elementor-drop-cap-view-default) .elementor-drop-cap{margin-top:8px}.elementor-widget-text-editor:not(.elementor-drop-cap-view-default) .elementor-drop-cap-letter{width:1em;height:1em}.elementor-widget-text-editor .elementor-drop-cap{float:left;text-align:center;line-height:1;font-size:50px}.elementor-widget-text-editor .elementor-drop-cap-letter{display:inline-block}<\/style>\t\t\t\t<p><strong>1. Responsable del tractament<\/strong><\/p>\n<p>Dades del responsable de tractament:<\/p>\n<p>Identitat: Daniela Poch Paz<\/p>\n<p>Adre\u00e7a postal: Carrer Onze de setembre 1, pis 2, 08450 Llinars del Vall\u00e8s (Barcelona)<\/p>\n<p>Tel\u00e8fon: +34 686 19 42 48<\/p>\n<p>Correu electr\u00f2nic: <a href=\"mailto:pochpaz.daniela@gmail.com\" target=\"_blank\" rel=\"noopener\">pochpaz.daniela@gmail.com<\/a><\/p>\n<p><strong>2. Dades recollides<\/strong><\/p>\n<p>-Navegaci\u00f3 de la web<br \/>El tipus de dades personals que recollim i tractem dels Usuaris al Lloc web i les Aplicacions s\u00f3n les seg\u00fcents: Adre\u00e7a IP, Cookies i similars. L&#8217;adre\u00e7a IP \u00e9s un codi que identifica la connexi\u00f3 a internet de l&#8217;usuari en un moment concret, i les galetes s\u00f3n fitxers que es descarreguen al navegador de l&#8217;usuari i que poden ser llegits posteriorment pel lloc web. Tot i aix\u00f2, no \u00e9s possible esbrinar la identitat de l&#8217;Usuari amb aquestes dades, llevat que aquest proporcion\u00e9s informaci\u00f3 addicional a trav\u00e9s d&#8217;altres mitjans. Podeu consultar m\u00e9s informaci\u00f3 a la nostra Pol\u00edtica de cookies.<\/p>\n<p>-Sol\u00b7licitud d&#8217;informaci\u00f3, compra d&#8217;un producte o servei.<br \/>Les dades recollides seran les dades identificatives necess\u00e0ries per poder enviar-li el producte o prestar-li el servei.<\/p>\n<p>-Subscripci\u00f3 a les nostres newsletters i\/o publicacions.<br \/>Les dades recollides seran les dades identificatives necess\u00e0ries per poder fer arribar el contingut al qual s&#8217;ha subscrit.<\/p>\n<p>-Subscripci\u00f3 a esdeveniments i activitats similars.<br \/>Les dades recollides seran les dades identificatives necess\u00e0ries per gestionar la seva participaci\u00f3, com ara el seu nom, cognoms, correu electr\u00f2nic, empresa, c\u00e0rrec i dades de contacte professional. Aix\u00ed mateix aquests actes podran ser reprodu\u00efts en directe \u00edntegrament, fotografiats i\/o gravats, per tant, en aquests casos la seva imatge podr\u00e0 ser publicada als canals i mitjans de comunicaci\u00f3 interns i externs de l&#8217;empresa aix\u00ed com a l&#8217;entorn en l\u00ednia ( web, xarxes socials, plataformes digitals, etc.), per tal d&#8217;informar sobre l&#8217;activitat desenvolupada per la Firma. Amb la vostra inscripci\u00f3 a l&#8217;esdeveniment quedar\u00e0 informat i accepta l&#8217;anterior.<\/p>\n<p><strong>3. Finalitat<\/strong><\/p>\n<p>Les dades personals dels Usuaris es recolliran i tractaran per tal de gestionar la relaci\u00f3 amb el servei i\/o recepci\u00f3 de newsletters, com a punt de l&#8217;empresa, per gestionar l&#8217;\u00fas del web i, quan aix\u00ed ho permeti la normativa aplicable, per a l&#8217;enviament recurrent d&#8217;informaci\u00f3 o esdeveniments de divulgaci\u00f3 i ensenyament en l&#8217;\u00e0mbit de les activitats professionals promogudes. Aix\u00ed mateix, les vostres dades personals es recolliran i tractaran per respondre a les consultes o q\u00fcestions que pugueu remetre a trav\u00e9s del Lloc web o Aplicacions.<\/p>\n<p><strong>4. Legitimaci\u00f3 i conservaci\u00f3<\/strong><\/p>\n<p>La legitimaci\u00f3 per al tractament de l&#8217;adre\u00e7a IP \u00e9s la necessitat per possibilitar la connexi\u00f3 amb el lloc web a trav\u00e9s d&#8217;Internet, sent l&#8217;inter\u00e8s leg\u00edtim de l&#8217;empresa per mantenir la relaci\u00f3 existent amb l&#8217;Usuari aix\u00ed com l&#8217;enviament d&#8217;informaci\u00f3 i activitats l&#8217;empresa.<br \/>En el cas de subscripci\u00f3 a les nostres publicacions i\/o esdeveniments, aix\u00ed com la sol\u00b7licitud pels Usuaris d&#8217;informaci\u00f3 o determinats serveis, la legitimaci\u00f3 ser\u00e0 el propi consentiment de l&#8217;Usuari.<br \/>Per tant, l&#8217;empresa recollir\u00e0 i tractar\u00e0 les vostres dades mentre la relaci\u00f3 continu\u00ef vigent i, si escau, l&#8217;Usuari no revoqui el consentiment que ha prestat al tractament de les seves dades. En tot cas, quan les dades personals deixin de ser necess\u00e0ries, per a la fi per a la qual van ser recaptades, i mentre hi hagi responsabilitats legals o contractuals que requereixin conservar-les, es conservaran de manera bloquejada fins que es procedeixi a la cancel\u00b7laci\u00f3 definitiva d&#8217;aquestes.<br \/>En cas que es tractin dades per a l&#8217;enviament de comunicacions, es podran mantenir mentre l&#8217;Usuari no s&#8217;oposi a rebre aquestes comunicacions per qualsevol dels mitjans que es posen a la vostra disposici\u00f3.<\/p>\n<p><strong>5. Comunicaci\u00f3<\/strong><\/p>\n<p>L&#8217;empresa no comunicar\u00e0 aquestes dades a tercers, excepte quan sigui estrictament necessari per gestionar i mantenir la relaci\u00f3 amb l&#8217;empresa o amb l&#8217;autoritzaci\u00f3 pr\u00e8via per part seva.  <br \/>Aix\u00ed mateix, com a empresa, en cas que fos necessari per a la prestaci\u00f3 dels serveis, l&#8217;empresa podr\u00e0 comunicar les dades dels Usuaris a les companyies del seu grup d&#8217;empreses, per a les mateixes finalitats abans indicades. Aquestes comunicacions podrien suposar una transfer\u00e8ncia internacional de dades per a aix\u00f2 l&#8217;empresa signar\u00e0 les Cl\u00e0usules Contractuals Tipus aprovades per la Comissi\u00f3 Europea, adoptant totes les garanties que siguin aplicables conforme a la normativa per garantir un nivell de protecci\u00f3 d&#8217;acord amb les normes aplicables sobre protecci\u00f3 de Dades.<br \/>Aix\u00ed mateix, les seves dades no se sotmetran a decisions automatitzades.<br \/>En cas d&#8217;inscripci\u00f3 a esdeveniments de l&#8217;empresa organitzats amb tercers, les vostres dades podran ser cedides a aquests per a l&#8217;organitzaci\u00f3 i la gesti\u00f3 dels esdeveniments.<\/p>\n<p><strong>6. Drets<\/strong><\/p>\n<p>Us informem que els Usuaris tenen dret a exercitar en tot moment, en els termes establerts per la legislaci\u00f3 vigent, els seus drets d&#8217;acc\u00e9s, rectificaci\u00f3 o supressi\u00f3 de dades, sol\u00b7licitar que es limiti el tractament, oposar-s&#8217;hi, sol\u00b7licitar la portabilitat de les seves dades , aix\u00ed com revocar el consentiment prestat, adre\u00e7ant-se a l&#8217;adre\u00e7a de correu electr\u00f2nic:  <a href=\"mailto:pochpaz.daniela@gmail.com\" target=\"_blank\" rel=\"noopener\">pochpaz.daniela@gmail.com<\/a> indicant clarament el dret que voleu exercitar i acompanyant el vostre Document Nacional d&#8217;Identitat o document identificatiu similar que acrediti la vostra identitat. Aix\u00ed mateix, podr\u00e0 presentar una reclamaci\u00f3 davant de lAg\u00e8ncia Espanyola de Protecci\u00f3 de Dades o autoritat de protecci\u00f3 de dades que resulti competent.<br \/>En cas que els Usuaris ens proporcionin dades de car\u00e0cter personal de terceres persones, l&#8217;Usuari ens garanteix que els ha informat amb car\u00e0cter previ a la seva inclusi\u00f3, dels aspectes continguts en aquesta Pol\u00edtica de Privadesa, responent personalment davant de l&#8217;empresa de quants danys i perjudicis se&#8217;n puguin derivar, en cas de contravenci\u00f3.<br \/>L&#8217;usuari es compromet a notificar qualsevol canvi o modificaci\u00f3 de les dades personals que hagi facilitat. Qualsevol p\u00e8rdua o mal causat al lloc web oa les aplicacions, a l&#8217;empresa, oa qualsevol tercer mitjan\u00e7ant la comunicaci\u00f3 d&#8217;informaci\u00f3 err\u00f2nia, inexacta o incompleta ser\u00e0 responsabilitat \u00fanica i exclusiva de l&#8217;usuari.<\/p>\n\t\t\t\t\t\t<\/div>\n\t\t\t\t<\/div>\n\t\t\t\t\t<\/div>\n\t\t<\/div>\n\t\t\t\t\t\t\t<\/div>\n\t\t<\/section>\n\t\t\t\t<section class=\"elementor-section elementor-top-section elementor-element elementor-element-752c10f elementor-section-boxed elementor-section-height-default elementor-section-height-default\" data-id=\"752c10f\" data-element_type=\"section\">\n\t\t\t\t\t\t<div class=\"elementor-container elementor-column-gap-default\">\n\t\t\t\t\t<div class=\"elementor-column elementor-col-100 elementor-top-column elementor-element elementor-element-8a8903b\" data-id=\"8a8903b\" data-element_type=\"column\">\n\t\t\t<div class=\"elementor-widget-wrap elementor-element-populated\">\n\t\t\t\t\t\t\t\t<div class=\"elementor-element elementor-element-c8566de elementor-widget elementor-widget-spacer\" data-id=\"c8566de\" data-element_type=\"widget\" data-widget_type=\"spacer.default\">\n\t\t\t\t<div class=\"elementor-widget-container\">\n\t\t\t<style>\/*! elementor - v3.15.0 - 20-08-2023 *\/\n.elementor-column .elementor-spacer-inner{height:var(--spacer-size)}.e-con{--container-widget-width:100%}.e-con-inner>.elementor-widget-spacer,.e-con>.elementor-widget-spacer{width:var(--container-widget-width,var(--spacer-size));--align-self:var(--container-widget-align-self,initial);--flex-shrink:0}.e-con-inner>.elementor-widget-spacer>.elementor-widget-container,.e-con-inner>.elementor-widget-spacer>.elementor-widget-container>.elementor-spacer,.e-con>.elementor-widget-spacer>.elementor-widget-container,.e-con>.elementor-widget-spacer>.elementor-widget-container>.elementor-spacer{height:100%}.e-con-inner>.elementor-widget-spacer>.elementor-widget-container>.elementor-spacer>.elementor-spacer-inner,.e-con>.elementor-widget-spacer>.elementor-widget-container>.elementor-spacer>.elementor-spacer-inner{height:var(--container-widget-height,var(--spacer-size))}<\/style>\t\t<div class=\"elementor-spacer\">\n\t\t\t<div class=\"elementor-spacer-inner\"><\/div>\n\t\t<\/div>\n\t\t\t\t<\/div>\n\t\t\t\t<\/div>\n\t\t\t\t\t<\/div>\n\t\t<\/div>\n\t\t\t\t\t\t\t<\/div>\n\t\t<\/section>\n\t\t\t\t\t\t\t<\/div>\n\t\t","protected":false},"excerpt":{"rendered":"<p>1. Responsable del tractament Dades del responsable de tractament: Identitat: Daniela Poch Paz Adre\u00e7a postal: Carrer Onze de setembre 1, pis 2, 08450 Llinars del Vall\u00e8s (Barcelona) Tel\u00e8fon: +34 686 19 42 48 Correu electr\u00f2nic: pochpaz.daniela@gmail.com 2. Dades recollides -Navegaci\u00f3 de la webEl tipus de dades personals que recollim i tractem dels Usuaris al Lloc [&hellip;]<\/p>\n","protected":false},"author":1,"featured_media":0,"parent":0,"menu_order":0,"comment_status":"closed","ping_status":"closed","template":"","meta":{"footnotes":""},"yoast_head":"<!-- This site is optimized with the Yoast SEO Premium plugin v20.11 (Yoast SEO v20.11) - https:\/\/yoast.com\/wordpress\/plugins\/seo\/ -->\n<title>Pol\u00edtica de privadesa - Enfoques Audaces<\/title>\n<meta name=\"robots\" content=\"noindex, follow\" \/>\n<meta property=\"og:locale\" content=\"ca_ES\" \/>\n<meta property=\"og:type\" content=\"article\" \/>\n<meta property=\"og:title\" content=\"Pol\u00edtica de privadesa\" \/>\n<meta property=\"og:description\" content=\"1. Responsable del tractament Dades del responsable de tractament: Identitat: Daniela Poch Paz Adre\u00e7a postal: Carrer Onze de setembre 1, pis 2, 08450 Llinars del Vall\u00e8s (Barcelona) Tel\u00e8fon: +34 686 19 42 48 Correu electr\u00f2nic: pochpaz.daniela@gmail.com 2. Dades recollides -Navegaci\u00f3 de la webEl tipus de dades personals que recollim i tractem dels Usuaris al Lloc [&hellip;]\" \/>\n<meta property=\"og:url\" content=\"https:\/\/enfoquesaudaces.com\/ca\/politica-de-privadesa\/\" \/>\n<meta property=\"og:site_name\" content=\"Enfoques Audaces\" \/>\n<meta property=\"article:modified_time\" content=\"2024-01-14T22:10:08+00:00\" \/>\n<meta name=\"twitter:card\" content=\"summary_large_image\" \/>\n<meta name=\"twitter:label1\" content=\"Temps estimat de lectura\" \/>\n\t<meta name=\"twitter:data1\" content=\"5 minuts\" \/>\n<script type=\"application\/ld+json\" class=\"yoast-schema-graph\">{\"@context\":\"https:\/\/schema.org\",\"@graph\":[{\"@type\":\"WebPage\",\"@id\":\"https:\/\/enfoquesaudaces.com\/ca\/politica-de-privadesa\/\",\"url\":\"https:\/\/enfoquesaudaces.com\/ca\/politica-de-privadesa\/\",\"name\":\"Pol\u00edtica de privadesa - Enfoques Audaces\",\"isPartOf\":{\"@id\":\"https:\/\/enfoquesaudaces.com\/#website\"},\"datePublished\":\"2023-07-09T20:57:05+00:00\",\"dateModified\":\"2024-01-14T22:10:08+00:00\",\"breadcrumb\":{\"@id\":\"https:\/\/enfoquesaudaces.com\/ca\/politica-de-privadesa\/#breadcrumb\"},\"inLanguage\":\"ca\",\"potentialAction\":[{\"@type\":\"ReadAction\",\"target\":[\"https:\/\/enfoquesaudaces.com\/ca\/politica-de-privadesa\/\"]}]},{\"@type\":\"BreadcrumbList\",\"@id\":\"https:\/\/enfoquesaudaces.com\/ca\/politica-de-privadesa\/#breadcrumb\",\"itemListElement\":[{\"@type\":\"ListItem\",\"position\":1,\"name\":\"Portada\",\"item\":\"https:\/\/enfoquesaudaces.com\/ca\/portada-inici\/\"},{\"@type\":\"ListItem\",\"position\":2,\"name\":\"Pol\u00edtica de privadesa\"}]},{\"@type\":\"WebSite\",\"@id\":\"https:\/\/enfoquesaudaces.com\/#website\",\"url\":\"https:\/\/enfoquesaudaces.com\/\",\"name\":\"Enfoques Audaces\",\"description\":\"\",\"publisher\":{\"@id\":\"https:\/\/enfoquesaudaces.com\/#organization\"},\"potentialAction\":[{\"@type\":\"SearchAction\",\"target\":{\"@type\":\"EntryPoint\",\"urlTemplate\":\"https:\/\/enfoquesaudaces.com\/?s={search_term_string}\"},\"query-input\":\"required name=search_term_string\"}],\"inLanguage\":\"ca\"},{\"@type\":\"Organization\",\"@id\":\"https:\/\/enfoquesaudaces.com\/#organization\",\"name\":\"Enfoques Audaces\",\"url\":\"https:\/\/enfoquesaudaces.com\/\",\"logo\":{\"@type\":\"ImageObject\",\"inLanguage\":\"ca\",\"@id\":\"https:\/\/enfoquesaudaces.com\/#\/schema\/logo\/image\/\",\"url\":\"https:\/\/enfoquesaudaces.com\/wp-content\/uploads\/2023\/06\/PUNTOAMARILLO_LOGO_4.png\",\"contentUrl\":\"https:\/\/enfoquesaudaces.com\/wp-content\/uploads\/2023\/06\/PUNTOAMARILLO_LOGO_4.png\",\"width\":500,\"height\":500,\"caption\":\"Enfoques Audaces\"},\"image\":{\"@id\":\"https:\/\/enfoquesaudaces.com\/#\/schema\/logo\/image\/\"}}]}<\/script>\n<!-- \/ Yoast SEO Premium plugin. -->","yoast_head_json":{"title":"Pol\u00edtica de privadesa - Enfoques Audaces","robots":{"index":"noindex","follow":"follow"},"og_locale":"ca_ES","og_type":"article","og_title":"Pol\u00edtica de privadesa","og_description":"1. Responsable del tractament Dades del responsable de tractament: Identitat: Daniela Poch Paz Adre\u00e7a postal: Carrer Onze de setembre 1, pis 2, 08450 Llinars del Vall\u00e8s (Barcelona) Tel\u00e8fon: +34 686 19 42 48 Correu electr\u00f2nic: pochpaz.daniela@gmail.com 2. Dades recollides -Navegaci\u00f3 de la webEl tipus de dades personals que recollim i tractem dels Usuaris al Lloc [&hellip;]","og_url":"https:\/\/enfoquesaudaces.com\/ca\/politica-de-privadesa\/","og_site_name":"Enfoques Audaces","article_modified_time":"2024-01-14T22:10:08+00:00","twitter_card":"summary_large_image","twitter_misc":{"Temps estimat de lectura":"5 minuts"},"schema":{"@context":"https:\/\/schema.org","@graph":[{"@type":"WebPage","@id":"https:\/\/enfoquesaudaces.com\/ca\/politica-de-privadesa\/","url":"https:\/\/enfoquesaudaces.com\/ca\/politica-de-privadesa\/","name":"Pol\u00edtica de privadesa - Enfoques Audaces","isPartOf":{"@id":"https:\/\/enfoquesaudaces.com\/#website"},"datePublished":"2023-07-09T20:57:05+00:00","dateModified":"2024-01-14T22:10:08+00:00","breadcrumb":{"@id":"https:\/\/enfoquesaudaces.com\/ca\/politica-de-privadesa\/#breadcrumb"},"inLanguage":"ca","potentialAction":[{"@type":"ReadAction","target":["https:\/\/enfoquesaudaces.com\/ca\/politica-de-privadesa\/"]}]},{"@type":"BreadcrumbList","@id":"https:\/\/enfoquesaudaces.com\/ca\/politica-de-privadesa\/#breadcrumb","itemListElement":[{"@type":"ListItem","position":1,"name":"Portada","item":"https:\/\/enfoquesaudaces.com\/ca\/portada-inici\/"},{"@type":"ListItem","position":2,"name":"Pol\u00edtica de privadesa"}]},{"@type":"WebSite","@id":"https:\/\/enfoquesaudaces.com\/#website","url":"https:\/\/enfoquesaudaces.com\/","name":"Enfoques Audaces","description":"","publisher":{"@id":"https:\/\/enfoquesaudaces.com\/#organization"},"potentialAction":[{"@type":"SearchAction","target":{"@type":"EntryPoint","urlTemplate":"https:\/\/enfoquesaudaces.com\/?s={search_term_string}"},"query-input":"required name=search_term_string"}],"inLanguage":"ca"},{"@type":"Organization","@id":"https:\/\/enfoquesaudaces.com\/#organization","name":"Enfoques Audaces","url":"https:\/\/enfoquesaudaces.com\/","logo":{"@type":"ImageObject","inLanguage":"ca","@id":"https:\/\/enfoquesaudaces.com\/#\/schema\/logo\/image\/","url":"https:\/\/enfoquesaudaces.com\/wp-content\/uploads\/2023\/06\/PUNTOAMARILLO_LOGO_4.png","contentUrl":"https:\/\/enfoquesaudaces.com\/wp-content\/uploads\/2023\/06\/PUNTOAMARILLO_LOGO_4.png","width":500,"height":500,"caption":"Enfoques Audaces"},"image":{"@id":"https:\/\/enfoquesaudaces.com\/#\/schema\/logo\/image\/"}}]}},"_links":{"self":[{"href":"https:\/\/enfoquesaudaces.com\/ca\/wp-json\/wp\/v2\/pages\/3442"}],"collection":[{"href":"https:\/\/enfoquesaudaces.com\/ca\/wp-json\/wp\/v2\/pages"}],"about":[{"href":"https:\/\/enfoquesaudaces.com\/ca\/wp-json\/wp\/v2\/types\/page"}],"author":[{"embeddable":true,"href":"https:\/\/enfoquesaudaces.com\/ca\/wp-json\/wp\/v2\/users\/1"}],"replies":[{"embeddable":true,"href":"https:\/\/enfoquesaudaces.com\/ca\/wp-json\/wp\/v2\/comments?post=3442"}],"version-history":[{"count":1,"href":"https:\/\/enfoquesaudaces.com\/ca\/wp-json\/wp\/v2\/pages\/3442\/revisions"}],"predecessor-version":[{"id":3443,"href":"https:\/\/enfoquesaudaces.com\/ca\/wp-json\/wp\/v2\/pages\/3442\/revisions\/3443"}],"wp:attachment":[{"href":"https:\/\/enfoquesaudaces.com\/ca\/wp-json\/wp\/v2\/media?parent=3442"}],"curies":[{"name":"wp","href":"https:\/\/api.w.org\/{rel}","templated":true}]}}