{"id":3440,"date":"2023-07-09T22:59:47","date_gmt":"2023-07-09T20:59:47","guid":{"rendered":"https:\/\/enfoquesaudaces.com\/politica-de-cookies\/"},"modified":"2024-01-15T00:09:07","modified_gmt":"2024-01-14T22:09:07","slug":"politica-de-cookies","status":"publish","type":"page","link":"https:\/\/enfoquesaudaces.com\/ca\/politica-de-cookies\/","title":{"rendered":"Pol\u00edtica de cookies"},"content":{"rendered":"\t\t<div data-elementor-type=\"wp-page\" data-elementor-id=\"3440\" class=\"elementor elementor-3440 elementor-87\" data-elementor-post-type=\"page\">\n\t\t\t\t\t\t\t\t\t<section class=\"elementor-section elementor-top-section elementor-element elementor-element-7829f16 elementor-section-boxed elementor-section-height-default elementor-section-height-default\" data-id=\"7829f16\" data-element_type=\"section\">\n\t\t\t\t\t\t<div class=\"elementor-container elementor-column-gap-default\">\n\t\t\t\t\t<div class=\"elementor-column elementor-col-100 elementor-top-column elementor-element elementor-element-cd0d703\" data-id=\"cd0d703\" data-element_type=\"column\">\n\t\t\t<div class=\"elementor-widget-wrap elementor-element-populated\">\n\t\t\t\t\t\t\t\t<div class=\"elementor-element elementor-element-d25cb3e elementor-widget elementor-widget-text-editor\" data-id=\"d25cb3e\" data-element_type=\"widget\" data-widget_type=\"text-editor.default\">\n\t\t\t\t<div class=\"elementor-widget-container\">\n\t\t\t<style>\/*! elementor - v3.15.0 - 20-08-2023 *\/\n.elementor-widget-text-editor.elementor-drop-cap-view-stacked .elementor-drop-cap{background-color:#69727d;color:#fff}.elementor-widget-text-editor.elementor-drop-cap-view-framed .elementor-drop-cap{color:#69727d;border:3px solid;background-color:transparent}.elementor-widget-text-editor:not(.elementor-drop-cap-view-default) .elementor-drop-cap{margin-top:8px}.elementor-widget-text-editor:not(.elementor-drop-cap-view-default) .elementor-drop-cap-letter{width:1em;height:1em}.elementor-widget-text-editor .elementor-drop-cap{float:left;text-align:center;line-height:1;font-size:50px}.elementor-widget-text-editor .elementor-drop-cap-letter{display:inline-block}<\/style>\t\t\t\t<p><a href=\"http:\/\/www.enfoquesaudaces.com\/\" target=\"_blank\" rel=\"noopener\" data-saferedirecturl=\"https:\/\/www.google.com\/url?q=http:\/\/www.enfoquesaudaces.com&amp;source=gmail&amp;ust=1698406207865000&amp;usg=AOvVaw0fgkHtwLAwlxE-Izsmi5Bn\">www.enfoquesaudaces.com<\/a> utilitza una tecnologia anomenada \u201ccookies\u201d per tal de poder recaptar informaci\u00f3 sobre l&#8217;\u00fas del Lloc web. Us informem que podem utilitzar cookies per tal de facilitar la vostra navegaci\u00f3 a trav\u00e9s del Lloc web, distingir-vos altres usuaris i analitzar els vostres h\u00e0bits de navegaci\u00f3 dins del Lloc web.<br \/>Aquesta pol\u00edtica de cookies t\u00e9 per finalitat informar-ho de manera clara i precisa sobre les cookies que s&#8217;utilitzen al nostre Lloc web.<\/p>\n<p><strong>QU\u00c8 S\u00d3N LES COOKIES?<\/strong><br \/>Una galeta \u00e9s un fitxer que es descarrega al vostre equip (ordinador o dispositiu m\u00f2bil) per tal d&#8217;emmagatzemar dades, que podran ser actualitzades i recuperades per l&#8217;entitat responsable de la vostra instal\u00b7laci\u00f3.<br \/>La informaci\u00f3 recaptada a trav\u00e9s de les cookies pot incloure l&#8217;adre\u00e7a IP, data i hora de visites al Lloc web, les p\u00e0gines visionades dins del Lloc web, el temps que ha estat al nostre Lloc web i els llocs visitats just abans i despr\u00e9s del mateix i altres dades de navegaci\u00f3. Aix\u00ed, les galetes permeten obtenir informaci\u00f3 sobre els seus h\u00e0bits de navegaci\u00f3.<\/p>\n<p><strong>TIPUS DE COOKIES QUE S&#8217;USEN AL LLOC WEB<\/strong><br \/>D&#8217;una banda, el titular d&#8217;aquest Lloc web utilitzar\u00e0 cookies pr\u00f2pies t\u00e8cniques, per a les quals no cal l&#8217;obtenci\u00f3 del seu consentiment, per estar excloses de l&#8217;\u00e0mbit d&#8217;aplicaci\u00f3 de l&#8217;article 22.2 de la Llei 34\/2002, d&#8217;11 de juliol, de serveis de la societat de la informaci\u00f3 i de comer\u00e7 electr\u00f2nic.<br \/>Tot i aix\u00f2, aquest Lloc web instal\u00b7la cookies que requereixen el consentiment dels usuaris. A continuaci\u00f3 podreu trobar la informaci\u00f3 relativa en aquestes cookies:<br \/>\u2022 COOKIES PR\u00d2PIES<br \/>\u2022 COOKIES ANAL\u00cdTIQUES<br \/>Al nostre lloc web utilitzem el sistema de mesura d&#8217;audi\u00e8ncia Google Analytics, una eina d&#8217;an\u00e0lisi web de Google LLC. (\u201cGoogle\u201d), amb domicili en 1600 Amphitheatre Parkway, Mountain View, Calif\u00f2rnia 94043 (els EUA), que ens permet con\u00e8ixer com interactuen els usuaris del nostre Lloc. La instal\u00b7laci\u00f3 de les galetes anal\u00edtiques d&#8217;aquest servei, juntament amb els nostres arxius de registre del servidor, ens permet con\u00e8ixer el nombre total d&#8217;usuaris que visiten el nostre Lloc web i aquelles parts del mateix que gaudeixen de m\u00e9s popularitat. Gr\u00e0cies a elles obtenim una informaci\u00f3 que ens pot ajudar a millorar la navegaci\u00f3 i donar un millor servei a usuaris i clients. Us informem que la transfer\u00e8ncia internacional a Google s&#8217;empara en la formalitzaci\u00f3 de les cl\u00e0usules contractuals tipus aprovades per la Comissi\u00f3 Europea.<\/p>\n<p><strong>REBUIG I REVOCACI\u00d3 DEL CONSENTIMENT<\/strong><br \/>Podeu rebutjar l&#8217;\u00fas de cookies en aquest lloc web i revocar el vostre consentiment utilitzant.<\/p>\n<p><strong>ELIMINACI\u00d3 DE COOKIES<\/strong><br \/>En qualsevol cas, us informem que podeu eliminar, bloquejar o deshabilitar les cookies en qualsevol moment modificant la configuraci\u00f3 del vostre navegador, que us permetr\u00e0 rebutjar la instal\u00b7laci\u00f3 de totes les cookies o d&#8217;algunes d&#8217;elles. Si suprimiu totes les galetes d&#8217;aquest lloc web, a trav\u00e9s del vostre navegador, esborrar\u00e0 tamb\u00e9 les opcions de configuraci\u00f3 que hagueu triat sobre les nostres galetes (acceptaci\u00f3, rebuig o revocaci\u00f3 del seu \u00fas). A continuaci\u00f3, podreu trobar informaci\u00f3 sobre com gestionar l&#8217;\u00fas de cookies en funci\u00f3 del navegador utilitzat:<\/p>\n<p><a href=\"https:\/\/support.mozilla.org\/es\/kb\/habilitar-y-deshabilitar-cookies-sitios-web-rastrear-preferencias\">Firefox<\/a><\/p>\n<p><a href=\"https:\/\/support.google.com\/chrome\/answer\/95647?co=genie.platform%*3DDesktop&amp;*hl=es\">Chrome<\/a><\/p>\n<p><a href=\"https:\/\/support.apple.com\/es-es\/guide\/safari\/sfri11471\/mac\">Safari<\/a><\/p>\n<p><a href=\"https:\/\/support.microsoft.com\/es-es\/help\/17442\/windows-internet-explorer-delete-manage-cookies\">Internet Explorer<\/a><\/p>\n<p><a href=\"https:\/\/privacy.microsoft.com\/es-es\/windows-10-microsoft-edge-and-privacy\">Microsoft Edge<\/a><\/p>\n<p><strong>CANVIS A LA POL\u00cdTICA DE COOKIES<\/strong><br \/>\u00c9s possible que actualitzem la Pol\u00edtica de Cookies del nostre Lloc web. Per aix\u00f2, us recomanem revisar aquesta pol\u00edtica cada vegada que accediu al nostre Lloc web amb l&#8217;objectiu d&#8217;estar adequadament informat sobre com i perqu\u00e8 fem servir les cookies.<\/p>\n<p><strong>POL\u00cdTICA DE PRIVACITAT<\/strong><br \/>Podeu llegir la nostra pol\u00edtica de privadesa per a m\u00e9s informaci\u00f3 sobre el tractament de dades personals.<\/p>\n<p><strong>CONTACTE<\/strong><br \/>Si tingu\u00e9ssiu algun dubte, comentari o suggeriment sobre la Pol\u00edtica de Cookies, si us plau escriviu a: <a href=\"mailto:pochpaz.daniela@gmail.com\" target=\"_blank\" rel=\"noopener\">pochpaz.daniela@gmail.com<\/a><\/p>\n\t\t\t\t\t\t<\/div>\n\t\t\t\t<\/div>\n\t\t\t\t\t<\/div>\n\t\t<\/div>\n\t\t\t\t\t\t\t<\/div>\n\t\t<\/section>\n\t\t\t\t<section class=\"elementor-section elementor-top-section elementor-element elementor-element-da68113 elementor-section-boxed elementor-section-height-default elementor-section-height-default\" data-id=\"da68113\" data-element_type=\"section\">\n\t\t\t\t\t\t<div class=\"elementor-container elementor-column-gap-default\">\n\t\t\t\t\t<div class=\"elementor-column elementor-col-100 elementor-top-column elementor-element elementor-element-bf3dd5b\" data-id=\"bf3dd5b\" data-element_type=\"column\">\n\t\t\t<div class=\"elementor-widget-wrap elementor-element-populated\">\n\t\t\t\t\t\t\t\t<div class=\"elementor-element elementor-element-ab64d80 elementor-widget elementor-widget-spacer\" data-id=\"ab64d80\" data-element_type=\"widget\" data-widget_type=\"spacer.default\">\n\t\t\t\t<div class=\"elementor-widget-container\">\n\t\t\t<style>\/*! elementor - v3.15.0 - 20-08-2023 *\/\n.elementor-column .elementor-spacer-inner{height:var(--spacer-size)}.e-con{--container-widget-width:100%}.e-con-inner>.elementor-widget-spacer,.e-con>.elementor-widget-spacer{width:var(--container-widget-width,var(--spacer-size));--align-self:var(--container-widget-align-self,initial);--flex-shrink:0}.e-con-inner>.elementor-widget-spacer>.elementor-widget-container,.e-con-inner>.elementor-widget-spacer>.elementor-widget-container>.elementor-spacer,.e-con>.elementor-widget-spacer>.elementor-widget-container,.e-con>.elementor-widget-spacer>.elementor-widget-container>.elementor-spacer{height:100%}.e-con-inner>.elementor-widget-spacer>.elementor-widget-container>.elementor-spacer>.elementor-spacer-inner,.e-con>.elementor-widget-spacer>.elementor-widget-container>.elementor-spacer>.elementor-spacer-inner{height:var(--container-widget-height,var(--spacer-size))}<\/style>\t\t<div class=\"elementor-spacer\">\n\t\t\t<div class=\"elementor-spacer-inner\"><\/div>\n\t\t<\/div>\n\t\t\t\t<\/div>\n\t\t\t\t<\/div>\n\t\t\t\t\t<\/div>\n\t\t<\/div>\n\t\t\t\t\t\t\t<\/div>\n\t\t<\/section>\n\t\t\t\t\t\t\t<\/div>\n\t\t","protected":false},"excerpt":{"rendered":"<p>www.enfoquesaudaces.com utilitza una tecnologia anomenada \u201ccookies\u201d per tal de poder recaptar informaci\u00f3 sobre l&#8217;\u00fas del Lloc web. Us informem que podem utilitzar cookies per tal de facilitar la vostra navegaci\u00f3 a trav\u00e9s del Lloc web, distingir-vos altres usuaris i analitzar els vostres h\u00e0bits de navegaci\u00f3 dins del Lloc web.Aquesta pol\u00edtica de cookies t\u00e9 per finalitat [&hellip;]<\/p>\n","protected":false},"author":1,"featured_media":0,"parent":0,"menu_order":0,"comment_status":"closed","ping_status":"closed","template":"","meta":{"footnotes":""},"yoast_head":"<!-- This site is optimized with the Yoast SEO Premium plugin v20.11 (Yoast SEO v20.11) - https:\/\/yoast.com\/wordpress\/plugins\/seo\/ -->\n<title>Pol\u00edtica de cookies - Enfoques Audaces<\/title>\n<meta name=\"robots\" content=\"noindex, follow\" \/>\n<meta property=\"og:locale\" content=\"ca_ES\" \/>\n<meta property=\"og:type\" content=\"article\" \/>\n<meta property=\"og:title\" content=\"Pol\u00edtica de cookies\" \/>\n<meta property=\"og:description\" content=\"www.enfoquesaudaces.com utilitza una tecnologia anomenada \u201ccookies\u201d per tal de poder recaptar informaci\u00f3 sobre l&#8217;\u00fas del Lloc web. Us informem que podem utilitzar cookies per tal de facilitar la vostra navegaci\u00f3 a trav\u00e9s del Lloc web, distingir-vos altres usuaris i analitzar els vostres h\u00e0bits de navegaci\u00f3 dins del Lloc web.Aquesta pol\u00edtica de cookies t\u00e9 per finalitat [&hellip;]\" \/>\n<meta property=\"og:url\" content=\"https:\/\/enfoquesaudaces.com\/ca\/politica-de-cookies\/\" \/>\n<meta property=\"og:site_name\" content=\"Enfoques Audaces\" \/>\n<meta property=\"article:modified_time\" content=\"2024-01-14T22:09:07+00:00\" \/>\n<meta name=\"twitter:card\" content=\"summary_large_image\" \/>\n<meta name=\"twitter:label1\" content=\"Temps estimat de lectura\" \/>\n\t<meta name=\"twitter:data1\" content=\"3 minuts\" \/>\n<script type=\"application\/ld+json\" class=\"yoast-schema-graph\">{\"@context\":\"https:\/\/schema.org\",\"@graph\":[{\"@type\":\"WebPage\",\"@id\":\"https:\/\/enfoquesaudaces.com\/ca\/politica-de-cookies\/\",\"url\":\"https:\/\/enfoquesaudaces.com\/ca\/politica-de-cookies\/\",\"name\":\"Pol\u00edtica de cookies - Enfoques Audaces\",\"isPartOf\":{\"@id\":\"https:\/\/enfoquesaudaces.com\/#website\"},\"datePublished\":\"2023-07-09T20:59:47+00:00\",\"dateModified\":\"2024-01-14T22:09:07+00:00\",\"breadcrumb\":{\"@id\":\"https:\/\/enfoquesaudaces.com\/ca\/politica-de-cookies\/#breadcrumb\"},\"inLanguage\":\"ca\",\"potentialAction\":[{\"@type\":\"ReadAction\",\"target\":[\"https:\/\/enfoquesaudaces.com\/ca\/politica-de-cookies\/\"]}]},{\"@type\":\"BreadcrumbList\",\"@id\":\"https:\/\/enfoquesaudaces.com\/ca\/politica-de-cookies\/#breadcrumb\",\"itemListElement\":[{\"@type\":\"ListItem\",\"position\":1,\"name\":\"Portada\",\"item\":\"https:\/\/enfoquesaudaces.com\/ca\/portada-inici\/\"},{\"@type\":\"ListItem\",\"position\":2,\"name\":\"Pol\u00edtica de cookies\"}]},{\"@type\":\"WebSite\",\"@id\":\"https:\/\/enfoquesaudaces.com\/#website\",\"url\":\"https:\/\/enfoquesaudaces.com\/\",\"name\":\"Enfoques Audaces\",\"description\":\"\",\"publisher\":{\"@id\":\"https:\/\/enfoquesaudaces.com\/#organization\"},\"potentialAction\":[{\"@type\":\"SearchAction\",\"target\":{\"@type\":\"EntryPoint\",\"urlTemplate\":\"https:\/\/enfoquesaudaces.com\/?s={search_term_string}\"},\"query-input\":\"required name=search_term_string\"}],\"inLanguage\":\"ca\"},{\"@type\":\"Organization\",\"@id\":\"https:\/\/enfoquesaudaces.com\/#organization\",\"name\":\"Enfoques Audaces\",\"url\":\"https:\/\/enfoquesaudaces.com\/\",\"logo\":{\"@type\":\"ImageObject\",\"inLanguage\":\"ca\",\"@id\":\"https:\/\/enfoquesaudaces.com\/#\/schema\/logo\/image\/\",\"url\":\"https:\/\/enfoquesaudaces.com\/wp-content\/uploads\/2023\/06\/PUNTOAMARILLO_LOGO_4.png\",\"contentUrl\":\"https:\/\/enfoquesaudaces.com\/wp-content\/uploads\/2023\/06\/PUNTOAMARILLO_LOGO_4.png\",\"width\":500,\"height\":500,\"caption\":\"Enfoques Audaces\"},\"image\":{\"@id\":\"https:\/\/enfoquesaudaces.com\/#\/schema\/logo\/image\/\"}}]}<\/script>\n<!-- \/ Yoast SEO Premium plugin. -->","yoast_head_json":{"title":"Pol\u00edtica de cookies - Enfoques Audaces","robots":{"index":"noindex","follow":"follow"},"og_locale":"ca_ES","og_type":"article","og_title":"Pol\u00edtica de cookies","og_description":"www.enfoquesaudaces.com utilitza una tecnologia anomenada \u201ccookies\u201d per tal de poder recaptar informaci\u00f3 sobre l&#8217;\u00fas del Lloc web. Us informem que podem utilitzar cookies per tal de facilitar la vostra navegaci\u00f3 a trav\u00e9s del Lloc web, distingir-vos altres usuaris i analitzar els vostres h\u00e0bits de navegaci\u00f3 dins del Lloc web.Aquesta pol\u00edtica de cookies t\u00e9 per finalitat [&hellip;]","og_url":"https:\/\/enfoquesaudaces.com\/ca\/politica-de-cookies\/","og_site_name":"Enfoques Audaces","article_modified_time":"2024-01-14T22:09:07+00:00","twitter_card":"summary_large_image","twitter_misc":{"Temps estimat de lectura":"3 minuts"},"schema":{"@context":"https:\/\/schema.org","@graph":[{"@type":"WebPage","@id":"https:\/\/enfoquesaudaces.com\/ca\/politica-de-cookies\/","url":"https:\/\/enfoquesaudaces.com\/ca\/politica-de-cookies\/","name":"Pol\u00edtica de cookies - Enfoques Audaces","isPartOf":{"@id":"https:\/\/enfoquesaudaces.com\/#website"},"datePublished":"2023-07-09T20:59:47+00:00","dateModified":"2024-01-14T22:09:07+00:00","breadcrumb":{"@id":"https:\/\/enfoquesaudaces.com\/ca\/politica-de-cookies\/#breadcrumb"},"inLanguage":"ca","potentialAction":[{"@type":"ReadAction","target":["https:\/\/enfoquesaudaces.com\/ca\/politica-de-cookies\/"]}]},{"@type":"BreadcrumbList","@id":"https:\/\/enfoquesaudaces.com\/ca\/politica-de-cookies\/#breadcrumb","itemListElement":[{"@type":"ListItem","position":1,"name":"Portada","item":"https:\/\/enfoquesaudaces.com\/ca\/portada-inici\/"},{"@type":"ListItem","position":2,"name":"Pol\u00edtica de cookies"}]},{"@type":"WebSite","@id":"https:\/\/enfoquesaudaces.com\/#website","url":"https:\/\/enfoquesaudaces.com\/","name":"Enfoques Audaces","description":"","publisher":{"@id":"https:\/\/enfoquesaudaces.com\/#organization"},"potentialAction":[{"@type":"SearchAction","target":{"@type":"EntryPoint","urlTemplate":"https:\/\/enfoquesaudaces.com\/?s={search_term_string}"},"query-input":"required name=search_term_string"}],"inLanguage":"ca"},{"@type":"Organization","@id":"https:\/\/enfoquesaudaces.com\/#organization","name":"Enfoques Audaces","url":"https:\/\/enfoquesaudaces.com\/","logo":{"@type":"ImageObject","inLanguage":"ca","@id":"https:\/\/enfoquesaudaces.com\/#\/schema\/logo\/image\/","url":"https:\/\/enfoquesaudaces.com\/wp-content\/uploads\/2023\/06\/PUNTOAMARILLO_LOGO_4.png","contentUrl":"https:\/\/enfoquesaudaces.com\/wp-content\/uploads\/2023\/06\/PUNTOAMARILLO_LOGO_4.png","width":500,"height":500,"caption":"Enfoques Audaces"},"image":{"@id":"https:\/\/enfoquesaudaces.com\/#\/schema\/logo\/image\/"}}]}},"_links":{"self":[{"href":"https:\/\/enfoquesaudaces.com\/ca\/wp-json\/wp\/v2\/pages\/3440"}],"collection":[{"href":"https:\/\/enfoquesaudaces.com\/ca\/wp-json\/wp\/v2\/pages"}],"about":[{"href":"https:\/\/enfoquesaudaces.com\/ca\/wp-json\/wp\/v2\/types\/page"}],"author":[{"embeddable":true,"href":"https:\/\/enfoquesaudaces.com\/ca\/wp-json\/wp\/v2\/users\/1"}],"replies":[{"embeddable":true,"href":"https:\/\/enfoquesaudaces.com\/ca\/wp-json\/wp\/v2\/comments?post=3440"}],"version-history":[{"count":1,"href":"https:\/\/enfoquesaudaces.com\/ca\/wp-json\/wp\/v2\/pages\/3440\/revisions"}],"predecessor-version":[{"id":3441,"href":"https:\/\/enfoquesaudaces.com\/ca\/wp-json\/wp\/v2\/pages\/3440\/revisions\/3441"}],"wp:attachment":[{"href":"https:\/\/enfoquesaudaces.com\/ca\/wp-json\/wp\/v2\/media?parent=3440"}],"curies":[{"name":"wp","href":"https:\/\/api.w.org\/{rel}","templated":true}]}}