{"id":3436,"date":"2023-10-16T12:37:05","date_gmt":"2023-10-16T10:37:05","guid":{"rendered":"https:\/\/enfoquesaudaces.com\/masterclass\/"},"modified":"2024-01-25T15:10:26","modified_gmt":"2024-01-25T13:10:26","slug":"masterclass","status":"publish","type":"page","link":"https:\/\/enfoquesaudaces.com\/ca\/masterclass\/","title":{"rendered":"Masterclass"},"content":{"rendered":"\t\t<div data-elementor-type=\"wp-page\" data-elementor-id=\"3436\" class=\"elementor elementor-3436 elementor-2365\" data-elementor-post-type=\"page\">\n\t\t\t\t\t\t\t\t\t<section class=\"elementor-section elementor-top-section elementor-element elementor-element-4be94c9 elementor-section-height-min-height elementor-section-full_width elementor-hidden-tablet elementor-hidden-mobile elementor-section-height-default elementor-section-items-middle\" data-id=\"4be94c9\" data-element_type=\"section\" data-settings=\"{&quot;background_background&quot;:&quot;classic&quot;}\">\n\t\t\t\t\t\t\t<div class=\"elementor-background-overlay\"><\/div>\n\t\t\t\t\t\t\t<div class=\"elementor-container elementor-column-gap-default\">\n\t\t\t\t\t<div class=\"elementor-column elementor-col-50 elementor-top-column elementor-element elementor-element-cc6a625\" data-id=\"cc6a625\" data-element_type=\"column\" data-settings=\"{&quot;background_background&quot;:&quot;classic&quot;}\">\n\t\t\t<div class=\"elementor-widget-wrap elementor-element-populated\">\n\t\t\t\t\t\t\t\t<section class=\"elementor-section elementor-inner-section elementor-element elementor-element-6630b5c elementor-section-boxed elementor-section-height-default elementor-section-height-default\" data-id=\"6630b5c\" data-element_type=\"section\">\n\t\t\t\t\t\t<div class=\"elementor-container elementor-column-gap-default\">\n\t\t\t\t\t<div class=\"elementor-column elementor-col-100 elementor-inner-column elementor-element elementor-element-b51f503\" data-id=\"b51f503\" data-element_type=\"column\">\n\t\t\t<div class=\"elementor-widget-wrap elementor-element-populated\">\n\t\t\t\t\t\t\t\t<div class=\"elementor-element elementor-element-2f69bdf elementor-widget elementor-widget-spacer\" data-id=\"2f69bdf\" data-element_type=\"widget\" data-widget_type=\"spacer.default\">\n\t\t\t\t<div class=\"elementor-widget-container\">\n\t\t\t<style>\/*! elementor - v3.15.0 - 20-08-2023 *\/\n.elementor-column .elementor-spacer-inner{height:var(--spacer-size)}.e-con{--container-widget-width:100%}.e-con-inner>.elementor-widget-spacer,.e-con>.elementor-widget-spacer{width:var(--container-widget-width,var(--spacer-size));--align-self:var(--container-widget-align-self,initial);--flex-shrink:0}.e-con-inner>.elementor-widget-spacer>.elementor-widget-container,.e-con-inner>.elementor-widget-spacer>.elementor-widget-container>.elementor-spacer,.e-con>.elementor-widget-spacer>.elementor-widget-container,.e-con>.elementor-widget-spacer>.elementor-widget-container>.elementor-spacer{height:100%}.e-con-inner>.elementor-widget-spacer>.elementor-widget-container>.elementor-spacer>.elementor-spacer-inner,.e-con>.elementor-widget-spacer>.elementor-widget-container>.elementor-spacer>.elementor-spacer-inner{height:var(--container-widget-height,var(--spacer-size))}<\/style>\t\t<div class=\"elementor-spacer\">\n\t\t\t<div class=\"elementor-spacer-inner\"><\/div>\n\t\t<\/div>\n\t\t\t\t<\/div>\n\t\t\t\t<\/div>\n\t\t\t\t<div class=\"elementor-element elementor-element-781fc9c elementor-widget elementor-widget-spacer\" data-id=\"781fc9c\" data-element_type=\"widget\" data-widget_type=\"spacer.default\">\n\t\t\t\t<div class=\"elementor-widget-container\">\n\t\t\t\t\t<div class=\"elementor-spacer\">\n\t\t\t<div class=\"elementor-spacer-inner\"><\/div>\n\t\t<\/div>\n\t\t\t\t<\/div>\n\t\t\t\t<\/div>\n\t\t\t\t<div class=\"elementor-element elementor-element-ab2bd29 elementor-widget elementor-widget-spacer\" data-id=\"ab2bd29\" data-element_type=\"widget\" data-widget_type=\"spacer.default\">\n\t\t\t\t<div class=\"elementor-widget-container\">\n\t\t\t\t\t<div class=\"elementor-spacer\">\n\t\t\t<div class=\"elementor-spacer-inner\"><\/div>\n\t\t<\/div>\n\t\t\t\t<\/div>\n\t\t\t\t<\/div>\n\t\t\t\t\t<\/div>\n\t\t<\/div>\n\t\t\t\t\t\t\t<\/div>\n\t\t<\/section>\n\t\t\t\t<div class=\"elementor-element elementor-element-89d9b54 elementor-widget elementor-widget-heading\" data-id=\"89d9b54\" data-element_type=\"widget\" data-widget_type=\"heading.default\">\n\t\t\t\t<div class=\"elementor-widget-container\">\n\t\t\t<style>\/*! elementor - v3.15.0 - 20-08-2023 *\/\n.elementor-heading-title{padding:0;margin:0;line-height:1}.elementor-widget-heading .elementor-heading-title[class*=elementor-size-]>a{color:inherit;font-size:inherit;line-height:inherit}.elementor-widget-heading .elementor-heading-title.elementor-size-small{font-size:15px}.elementor-widget-heading .elementor-heading-title.elementor-size-medium{font-size:19px}.elementor-widget-heading .elementor-heading-title.elementor-size-large{font-size:29px}.elementor-widget-heading .elementor-heading-title.elementor-size-xl{font-size:39px}.elementor-widget-heading .elementor-heading-title.elementor-size-xxl{font-size:59px}<\/style><h2 class=\"elementor-heading-title elementor-size-default\">5 t\u00e8cniques per donar-li a la teva informaci\u00f3 un segell de claredat<\/h2>\t\t<\/div>\n\t\t\t\t<\/div>\n\t\t\t\t<div class=\"elementor-element elementor-element-dc6e863 elementor-widget elementor-widget-spacer\" data-id=\"dc6e863\" data-element_type=\"widget\" data-widget_type=\"spacer.default\">\n\t\t\t\t<div class=\"elementor-widget-container\">\n\t\t\t\t\t<div class=\"elementor-spacer\">\n\t\t\t<div class=\"elementor-spacer-inner\"><\/div>\n\t\t<\/div>\n\t\t\t\t<\/div>\n\t\t\t\t<\/div>\n\t\t\t\t\t<\/div>\n\t\t<\/div>\n\t\t\t\t<div class=\"elementor-column elementor-col-50 elementor-top-column elementor-element elementor-element-0c5110b\" data-id=\"0c5110b\" data-element_type=\"column\">\n\t\t\t<div class=\"elementor-widget-wrap elementor-element-populated\">\n\t\t\t\t\t\t\t\t<div class=\"elementor-element elementor-element-79a1195 elementor-widget elementor-widget-text-editor\" data-id=\"79a1195\" data-element_type=\"widget\" data-widget_type=\"text-editor.default\">\n\t\t\t\t<div class=\"elementor-widget-container\">\n\t\t\t<style>\/*! elementor - v3.15.0 - 20-08-2023 *\/\n.elementor-widget-text-editor.elementor-drop-cap-view-stacked .elementor-drop-cap{background-color:#69727d;color:#fff}.elementor-widget-text-editor.elementor-drop-cap-view-framed .elementor-drop-cap{color:#69727d;border:3px solid;background-color:transparent}.elementor-widget-text-editor:not(.elementor-drop-cap-view-default) .elementor-drop-cap{margin-top:8px}.elementor-widget-text-editor:not(.elementor-drop-cap-view-default) .elementor-drop-cap-letter{width:1em;height:1em}.elementor-widget-text-editor .elementor-drop-cap{float:left;text-align:center;line-height:1;font-size:50px}.elementor-widget-text-editor .elementor-drop-cap-letter{display:inline-block}<\/style>\t\t\t\t<p>Com a persones que diuen, parlen i tenen torns de paraula de forma recurrent, podem caure f\u00e0cilment en fer servir paraules, frases i idees de m\u00e9s. Hem adquirit la cultura d&#8217; aprofitar els nostres moments \u201cem toca parlar\u201d. Amb aquesta mentalitat, ens acostumem a donar m\u00e9s exc\u00e9s que tisorades. Barregem informaci\u00f3 irrellevant amb informaci\u00f3 veritablement rellevant. Qu\u00e8 passa? Que el nostre p\u00fablic ha de filtrar el gra de la palla?<\/p>\t\t\t\t\t\t<\/div>\n\t\t\t\t<\/div>\n\t\t\t\t<div class=\"elementor-element elementor-element-965c1c5 elementor-widget elementor-widget-heading\" data-id=\"965c1c5\" data-element_type=\"widget\" data-widget_type=\"heading.default\">\n\t\t\t\t<div class=\"elementor-widget-container\">\n\t\t\t<h2 class=\"elementor-heading-title elementor-size-default\">La vida moderna exigeix \u200b\u200bfrases que ocupin all\u00f2 que han d'ocupar\n<\/h2>\t\t<\/div>\n\t\t\t\t<\/div>\n\t\t\t\t<div class=\"elementor-element elementor-element-73c2196 elementor-widget elementor-widget-text-editor\" data-id=\"73c2196\" data-element_type=\"widget\" data-widget_type=\"text-editor.default\">\n\t\t\t\t<div class=\"elementor-widget-container\">\n\t\t\t\t\t\t\t<p>En aquesta masterclass et compartir\u00e9 t\u00e8cniques per fer que el que diries en 1 minut i mig ho diguis en 15 segons. Aquests 75 segons alliberats, el p\u00fablic te&#8217;ls agrair\u00e0.<\/p>\n\t\t\t\t\t\t<\/div>\n\t\t\t\t<\/div>\n\t\t\t\t<div class=\"elementor-element elementor-element-c271499 elementor-widget elementor-widget-spacer\" data-id=\"c271499\" data-element_type=\"widget\" data-widget_type=\"spacer.default\">\n\t\t\t\t<div class=\"elementor-widget-container\">\n\t\t\t\t\t<div class=\"elementor-spacer\">\n\t\t\t<div class=\"elementor-spacer-inner\"><\/div>\n\t\t<\/div>\n\t\t\t\t<\/div>\n\t\t\t\t<\/div>\n\t\t\t\t\t<\/div>\n\t\t<\/div>\n\t\t\t\t\t\t\t<\/div>\n\t\t<\/section>\n\t\t\t\t<section class=\"elementor-section elementor-top-section elementor-element elementor-element-c0842da elementor-hidden-desktop elementor-section-boxed elementor-section-height-default elementor-section-height-default\" data-id=\"c0842da\" data-element_type=\"section\" data-settings=\"{&quot;background_background&quot;:&quot;classic&quot;}\">\n\t\t\t\t\t\t\t<div class=\"elementor-background-overlay\"><\/div>\n\t\t\t\t\t\t\t<div class=\"elementor-container elementor-column-gap-default\">\n\t\t\t\t\t<div class=\"elementor-column elementor-col-100 elementor-top-column elementor-element elementor-element-93b098b\" data-id=\"93b098b\" data-element_type=\"column\">\n\t\t\t<div class=\"elementor-widget-wrap elementor-element-populated\">\n\t\t\t\t\t\t\t\t<div class=\"elementor-element elementor-element-209b387 elementor-widget elementor-widget-spacer\" data-id=\"209b387\" data-element_type=\"widget\" data-widget_type=\"spacer.default\">\n\t\t\t\t<div class=\"elementor-widget-container\">\n\t\t\t\t\t<div class=\"elementor-spacer\">\n\t\t\t<div class=\"elementor-spacer-inner\"><\/div>\n\t\t<\/div>\n\t\t\t\t<\/div>\n\t\t\t\t<\/div>\n\t\t\t\t<div class=\"elementor-element elementor-element-1b514ec elementor-widget elementor-widget-spacer\" data-id=\"1b514ec\" data-element_type=\"widget\" data-widget_type=\"spacer.default\">\n\t\t\t\t<div class=\"elementor-widget-container\">\n\t\t\t\t\t<div class=\"elementor-spacer\">\n\t\t\t<div class=\"elementor-spacer-inner\"><\/div>\n\t\t<\/div>\n\t\t\t\t<\/div>\n\t\t\t\t<\/div>\n\t\t\t\t<div class=\"elementor-element elementor-element-75fd2c9 elementor-widget elementor-widget-spacer\" data-id=\"75fd2c9\" data-element_type=\"widget\" data-widget_type=\"spacer.default\">\n\t\t\t\t<div class=\"elementor-widget-container\">\n\t\t\t\t\t<div class=\"elementor-spacer\">\n\t\t\t<div class=\"elementor-spacer-inner\"><\/div>\n\t\t<\/div>\n\t\t\t\t<\/div>\n\t\t\t\t<\/div>\n\t\t\t\t<div class=\"elementor-element elementor-element-74e7783 elementor-widget elementor-widget-heading\" data-id=\"74e7783\" data-element_type=\"widget\" data-widget_type=\"heading.default\">\n\t\t\t\t<div class=\"elementor-widget-container\">\n\t\t\t<h2 class=\"elementor-heading-title elementor-size-default\">5 t\u00e8cniques per donar-li a la teva informaci\u00f3 un segell  de claredat\n<\/h2>\t\t<\/div>\n\t\t\t\t<\/div>\n\t\t\t\t<div class=\"elementor-element elementor-element-3ab9a8e elementor-widget elementor-widget-spacer\" data-id=\"3ab9a8e\" data-element_type=\"widget\" data-widget_type=\"spacer.default\">\n\t\t\t\t<div class=\"elementor-widget-container\">\n\t\t\t\t\t<div class=\"elementor-spacer\">\n\t\t\t<div class=\"elementor-spacer-inner\"><\/div>\n\t\t<\/div>\n\t\t\t\t<\/div>\n\t\t\t\t<\/div>\n\t\t\t\t<div class=\"elementor-element elementor-element-478b0aa elementor-widget elementor-widget-text-editor\" data-id=\"478b0aa\" data-element_type=\"widget\" data-widget_type=\"text-editor.default\">\n\t\t\t\t<div class=\"elementor-widget-container\">\n\t\t\t\t\t\t\t<p>Com a persones que diuen, parlen i tenen torns de paraula de forma recurrent, podem caure f\u00e0cilment en fer servir paraules, frases i idees de m\u00e9s. Hem adquirit la cultura d&#8217; aprofitar els nostres moments \u201cem toca parlar\u201d. Amb aquesta mentalitat, ens acostumem a donar m\u00e9s exc\u00e9s que tisorades. Barregem informaci\u00f3 irrellevant amb informaci\u00f3 veritablement rellevant. Qu\u00e8 passa? Que el nostre p\u00fablic ha de filtrar el gra de la palla?<\/p>\t\t\t\t\t\t<\/div>\n\t\t\t\t<\/div>\n\t\t\t\t<div class=\"elementor-element elementor-element-7bda17b elementor-widget elementor-widget-heading\" data-id=\"7bda17b\" data-element_type=\"widget\" data-widget_type=\"heading.default\">\n\t\t\t\t<div class=\"elementor-widget-container\">\n\t\t\t<h2 class=\"elementor-heading-title elementor-size-default\">La vida moderna exigeix \u200b\u200bfrases que ocupin all\u00f2 que han d'ocupar\n<\/h2>\t\t<\/div>\n\t\t\t\t<\/div>\n\t\t\t\t<div class=\"elementor-element elementor-element-335d9a1 elementor-widget elementor-widget-text-editor\" data-id=\"335d9a1\" data-element_type=\"widget\" data-widget_type=\"text-editor.default\">\n\t\t\t\t<div class=\"elementor-widget-container\">\n\t\t\t\t\t\t\t<p>En aquesta masterclass et compartir\u00e9 t\u00e8cniques per fer que el que diries en 1 minut i mig ho diguis en 15 segons. Aquests 75 segons alliberats, el p\u00fablic te&#8217;ls agrair\u00e0.<\/p>\n\t\t\t\t\t\t<\/div>\n\t\t\t\t<\/div>\n\t\t\t\t<div class=\"elementor-element elementor-element-1fff554 elementor-widget elementor-widget-spacer\" data-id=\"1fff554\" data-element_type=\"widget\" data-widget_type=\"spacer.default\">\n\t\t\t\t<div class=\"elementor-widget-container\">\n\t\t\t\t\t<div class=\"elementor-spacer\">\n\t\t\t<div class=\"elementor-spacer-inner\"><\/div>\n\t\t<\/div>\n\t\t\t\t<\/div>\n\t\t\t\t<\/div>\n\t\t\t\t\t<\/div>\n\t\t<\/div>\n\t\t\t\t\t\t\t<\/div>\n\t\t<\/section>\n\t\t\t\t<section class=\"elementor-section elementor-top-section elementor-element elementor-element-d9460b7 elementor-section-full_width elementor-section-height-default elementor-section-height-default\" data-id=\"d9460b7\" data-element_type=\"section\" data-settings=\"{&quot;background_background&quot;:&quot;classic&quot;}\">\n\t\t\t\t\t\t<div class=\"elementor-container elementor-column-gap-default\">\n\t\t\t\t\t<div class=\"elementor-column elementor-col-100 elementor-top-column elementor-element elementor-element-3b5eb95\" data-id=\"3b5eb95\" data-element_type=\"column\">\n\t\t\t<div class=\"elementor-widget-wrap elementor-element-populated\">\n\t\t\t\t\t\t\t\t<div class=\"elementor-element elementor-element-935cbe7 elementor-widget elementor-widget-spacer\" data-id=\"935cbe7\" data-element_type=\"widget\" data-widget_type=\"spacer.default\">\n\t\t\t\t<div class=\"elementor-widget-container\">\n\t\t\t\t\t<div class=\"elementor-spacer\">\n\t\t\t<div class=\"elementor-spacer-inner\"><\/div>\n\t\t<\/div>\n\t\t\t\t<\/div>\n\t\t\t\t<\/div>\n\t\t\t\t<div class=\"elementor-element elementor-element-2055dd0 elementor-widget elementor-widget-heading\" data-id=\"2055dd0\" data-element_type=\"widget\" data-widget_type=\"heading.default\">\n\t\t\t\t<div class=\"elementor-widget-container\">\n\t\t\t<h2 class=\"elementor-heading-title elementor-size-default\">Properes edicions de<\/h2>\t\t<\/div>\n\t\t\t\t<\/div>\n\t\t\t\t<div class=\"elementor-element elementor-element-faafee5 elementor-invisible elementor-widget elementor-widget-heading\" data-id=\"faafee5\" data-element_type=\"widget\" data-settings=\"{&quot;_animation&quot;:&quot;bounceInDown&quot;}\" data-widget_type=\"heading.default\">\n\t\t\t\t<div class=\"elementor-widget-container\">\n\t\t\t<h2 class=\"elementor-heading-title elementor-size-default\">La claredat no ocupa lloc<\/h2>\t\t<\/div>\n\t\t\t\t<\/div>\n\t\t\t\t<div class=\"elementor-element elementor-element-57d624e elementor-widget elementor-widget-text-editor\" data-id=\"57d624e\" data-element_type=\"widget\" data-widget_type=\"text-editor.default\">\n\t\t\t\t<div class=\"elementor-widget-container\">\n\t\t\t\t\t\t\t<p>24 de gener a les 15:00 (hora CET)<\/p>\n<p>30 de gener a les 17:00 (hora CET)<\/p>\n<p>1 de febrer a les 16:00 (hora CET)<\/p>\n\t\t\t\t\t\t<\/div>\n\t\t\t\t<\/div>\n\t\t\t\t<div class=\"elementor-element elementor-element-7034bb2 elementor-align-center elementor-widget elementor-widget-button\" data-id=\"7034bb2\" data-element_type=\"widget\" data-widget_type=\"button.default\">\n\t\t\t\t<div class=\"elementor-widget-container\">\n\t\t\t\t\t<div class=\"elementor-button-wrapper\">\n\t\t\t<a class=\"elementor-button elementor-button-link elementor-size-lg elementor-animation-grow\" href=\"\/ca\/contacte-masterclass\/\">\n\t\t\t\t\t\t<span class=\"elementor-button-content-wrapper\">\n\t\t\t\t\t\t<span class=\"elementor-button-text\">M'APUNTO!<\/span>\n\t\t<\/span>\n\t\t\t\t\t<\/a>\n\t\t<\/div>\n\t\t\t\t<\/div>\n\t\t\t\t<\/div>\n\t\t\t\t<div class=\"elementor-element elementor-element-7a3b82e elementor-widget elementor-widget-spacer\" data-id=\"7a3b82e\" data-element_type=\"widget\" data-widget_type=\"spacer.default\">\n\t\t\t\t<div class=\"elementor-widget-container\">\n\t\t\t\t\t<div class=\"elementor-spacer\">\n\t\t\t<div class=\"elementor-spacer-inner\"><\/div>\n\t\t<\/div>\n\t\t\t\t<\/div>\n\t\t\t\t<\/div>\n\t\t\t\t\t<\/div>\n\t\t<\/div>\n\t\t\t\t\t\t\t<\/div>\n\t\t<\/section>\n\t\t\t\t\t\t\t<\/div>\n\t\t","protected":false},"excerpt":{"rendered":"<p>5 t\u00e8cniques per donar a la teva informaci\u00f3 un segell de qualitat. Masterclass per saber com ser clar, concret i conc\u00eds transmetent idees.<\/p>\n","protected":false},"author":4,"featured_media":3418,"parent":0,"menu_order":0,"comment_status":"closed","ping_status":"closed","template":"","meta":{"footnotes":""},"yoast_head":"<!-- This site is optimized with the Yoast SEO Premium plugin v20.11 (Yoast SEO v20.11) - https:\/\/yoast.com\/wordpress\/plugins\/seo\/ -->\n<title>Masterclass - Enfoques Audaces<\/title>\n<meta name=\"description\" content=\"5 t\u00e8cniques per donar a la teva informaci\u00f3 un segell de qualitat. Masterclass per saber com ser clar, concret i conc\u00eds transmetent idees.\" \/>\n<meta name=\"robots\" content=\"index, follow, max-snippet:-1, max-image-preview:large, max-video-preview:-1\" \/>\n<link rel=\"canonical\" href=\"https:\/\/enfoquesaudaces.com\/ca\/masterclass\/\" \/>\n<meta property=\"og:locale\" content=\"ca_ES\" \/>\n<meta property=\"og:type\" content=\"article\" \/>\n<meta property=\"og:title\" content=\"Masterclass\" \/>\n<meta property=\"og:description\" content=\"5 t\u00e8cniques per donar a la teva informaci\u00f3 un segell de qualitat. Masterclass per saber com ser clar, concret i conc\u00eds transmetent idees.\" \/>\n<meta property=\"og:url\" content=\"https:\/\/enfoquesaudaces.com\/ca\/masterclass\/\" \/>\n<meta property=\"og:site_name\" content=\"Enfoques Audaces\" \/>\n<meta property=\"article:modified_time\" content=\"2024-01-25T13:10:26+00:00\" \/>\n<meta property=\"og:image\" content=\"http:\/\/enfoquesaudaces.com\/wp-content\/uploads\/2023\/10\/DSC00912-754x1024.png\" \/>\n\t<meta property=\"og:image:width\" content=\"754\" \/>\n\t<meta property=\"og:image:height\" content=\"1024\" \/>\n\t<meta property=\"og:image:type\" content=\"image\/png\" \/>\n<meta name=\"twitter:card\" content=\"summary_large_image\" \/>\n<meta name=\"twitter:label1\" content=\"Temps estimat de lectura\" \/>\n\t<meta name=\"twitter:data1\" content=\"2 minuts\" \/>\n<script type=\"application\/ld+json\" class=\"yoast-schema-graph\">{\"@context\":\"https:\/\/schema.org\",\"@graph\":[{\"@type\":\"WebPage\",\"@id\":\"https:\/\/enfoquesaudaces.com\/ca\/masterclass\/\",\"url\":\"https:\/\/enfoquesaudaces.com\/ca\/masterclass\/\",\"name\":\"Masterclass - Enfoques Audaces\",\"isPartOf\":{\"@id\":\"https:\/\/enfoquesaudaces.com\/#website\"},\"datePublished\":\"2023-10-16T10:37:05+00:00\",\"dateModified\":\"2024-01-25T13:10:26+00:00\",\"description\":\"5 t\u00e8cniques per donar a la teva informaci\u00f3 un segell de qualitat. Masterclass per saber com ser clar, concret i conc\u00eds transmetent idees.\",\"breadcrumb\":{\"@id\":\"https:\/\/enfoquesaudaces.com\/ca\/masterclass\/#breadcrumb\"},\"inLanguage\":\"ca\",\"potentialAction\":[{\"@type\":\"ReadAction\",\"target\":[\"https:\/\/enfoquesaudaces.com\/ca\/masterclass\/\"]}]},{\"@type\":\"BreadcrumbList\",\"@id\":\"https:\/\/enfoquesaudaces.com\/ca\/masterclass\/#breadcrumb\",\"itemListElement\":[{\"@type\":\"ListItem\",\"position\":1,\"name\":\"Portada\",\"item\":\"https:\/\/enfoquesaudaces.com\/ca\/portada-inici\/\"},{\"@type\":\"ListItem\",\"position\":2,\"name\":\"Masterclass\"}]},{\"@type\":\"WebSite\",\"@id\":\"https:\/\/enfoquesaudaces.com\/#website\",\"url\":\"https:\/\/enfoquesaudaces.com\/\",\"name\":\"Enfoques Audaces\",\"description\":\"\",\"publisher\":{\"@id\":\"https:\/\/enfoquesaudaces.com\/#organization\"},\"potentialAction\":[{\"@type\":\"SearchAction\",\"target\":{\"@type\":\"EntryPoint\",\"urlTemplate\":\"https:\/\/enfoquesaudaces.com\/?s={search_term_string}\"},\"query-input\":\"required name=search_term_string\"}],\"inLanguage\":\"ca\"},{\"@type\":\"Organization\",\"@id\":\"https:\/\/enfoquesaudaces.com\/#organization\",\"name\":\"Enfoques Audaces\",\"url\":\"https:\/\/enfoquesaudaces.com\/\",\"logo\":{\"@type\":\"ImageObject\",\"inLanguage\":\"ca\",\"@id\":\"https:\/\/enfoquesaudaces.com\/#\/schema\/logo\/image\/\",\"url\":\"https:\/\/enfoquesaudaces.com\/wp-content\/uploads\/2023\/06\/PUNTOAMARILLO_LOGO_4.png\",\"contentUrl\":\"https:\/\/enfoquesaudaces.com\/wp-content\/uploads\/2023\/06\/PUNTOAMARILLO_LOGO_4.png\",\"width\":500,\"height\":500,\"caption\":\"Enfoques Audaces\"},\"image\":{\"@id\":\"https:\/\/enfoquesaudaces.com\/#\/schema\/logo\/image\/\"}}]}<\/script>\n<!-- \/ Yoast SEO Premium plugin. -->","yoast_head_json":{"title":"Masterclass - Enfoques Audaces","description":"5 t\u00e8cniques per donar a la teva informaci\u00f3 un segell de qualitat. Masterclass per saber com ser clar, concret i conc\u00eds transmetent idees.","robots":{"index":"index","follow":"follow","max-snippet":"max-snippet:-1","max-image-preview":"max-image-preview:large","max-video-preview":"max-video-preview:-1"},"canonical":"https:\/\/enfoquesaudaces.com\/ca\/masterclass\/","og_locale":"ca_ES","og_type":"article","og_title":"Masterclass","og_description":"5 t\u00e8cniques per donar a la teva informaci\u00f3 un segell de qualitat. Masterclass per saber com ser clar, concret i conc\u00eds transmetent idees.","og_url":"https:\/\/enfoquesaudaces.com\/ca\/masterclass\/","og_site_name":"Enfoques Audaces","article_modified_time":"2024-01-25T13:10:26+00:00","og_image":[{"width":754,"height":1024,"url":"http:\/\/enfoquesaudaces.com\/wp-content\/uploads\/2023\/10\/DSC00912-754x1024.png","type":"image\/png"}],"twitter_card":"summary_large_image","twitter_misc":{"Temps estimat de lectura":"2 minuts"},"schema":{"@context":"https:\/\/schema.org","@graph":[{"@type":"WebPage","@id":"https:\/\/enfoquesaudaces.com\/ca\/masterclass\/","url":"https:\/\/enfoquesaudaces.com\/ca\/masterclass\/","name":"Masterclass - Enfoques Audaces","isPartOf":{"@id":"https:\/\/enfoquesaudaces.com\/#website"},"datePublished":"2023-10-16T10:37:05+00:00","dateModified":"2024-01-25T13:10:26+00:00","description":"5 t\u00e8cniques per donar a la teva informaci\u00f3 un segell de qualitat. Masterclass per saber com ser clar, concret i conc\u00eds transmetent idees.","breadcrumb":{"@id":"https:\/\/enfoquesaudaces.com\/ca\/masterclass\/#breadcrumb"},"inLanguage":"ca","potentialAction":[{"@type":"ReadAction","target":["https:\/\/enfoquesaudaces.com\/ca\/masterclass\/"]}]},{"@type":"BreadcrumbList","@id":"https:\/\/enfoquesaudaces.com\/ca\/masterclass\/#breadcrumb","itemListElement":[{"@type":"ListItem","position":1,"name":"Portada","item":"https:\/\/enfoquesaudaces.com\/ca\/portada-inici\/"},{"@type":"ListItem","position":2,"name":"Masterclass"}]},{"@type":"WebSite","@id":"https:\/\/enfoquesaudaces.com\/#website","url":"https:\/\/enfoquesaudaces.com\/","name":"Enfoques Audaces","description":"","publisher":{"@id":"https:\/\/enfoquesaudaces.com\/#organization"},"potentialAction":[{"@type":"SearchAction","target":{"@type":"EntryPoint","urlTemplate":"https:\/\/enfoquesaudaces.com\/?s={search_term_string}"},"query-input":"required name=search_term_string"}],"inLanguage":"ca"},{"@type":"Organization","@id":"https:\/\/enfoquesaudaces.com\/#organization","name":"Enfoques Audaces","url":"https:\/\/enfoquesaudaces.com\/","logo":{"@type":"ImageObject","inLanguage":"ca","@id":"https:\/\/enfoquesaudaces.com\/#\/schema\/logo\/image\/","url":"https:\/\/enfoquesaudaces.com\/wp-content\/uploads\/2023\/06\/PUNTOAMARILLO_LOGO_4.png","contentUrl":"https:\/\/enfoquesaudaces.com\/wp-content\/uploads\/2023\/06\/PUNTOAMARILLO_LOGO_4.png","width":500,"height":500,"caption":"Enfoques Audaces"},"image":{"@id":"https:\/\/enfoquesaudaces.com\/#\/schema\/logo\/image\/"}}]}},"_links":{"self":[{"href":"https:\/\/enfoquesaudaces.com\/ca\/wp-json\/wp\/v2\/pages\/3436"}],"collection":[{"href":"https:\/\/enfoquesaudaces.com\/ca\/wp-json\/wp\/v2\/pages"}],"about":[{"href":"https:\/\/enfoquesaudaces.com\/ca\/wp-json\/wp\/v2\/types\/page"}],"author":[{"embeddable":true,"href":"https:\/\/enfoquesaudaces.com\/ca\/wp-json\/wp\/v2\/users\/4"}],"replies":[{"embeddable":true,"href":"https:\/\/enfoquesaudaces.com\/ca\/wp-json\/wp\/v2\/comments?post=3436"}],"version-history":[{"count":19,"href":"https:\/\/enfoquesaudaces.com\/ca\/wp-json\/wp\/v2\/pages\/3436\/revisions"}],"predecessor-version":[{"id":3917,"href":"https:\/\/enfoquesaudaces.com\/ca\/wp-json\/wp\/v2\/pages\/3436\/revisions\/3917"}],"wp:featuredmedia":[{"embeddable":true,"href":"https:\/\/enfoquesaudaces.com\/ca\/wp-json\/wp\/v2\/media\/3418"}],"wp:attachment":[{"href":"https:\/\/enfoquesaudaces.com\/ca\/wp-json\/wp\/v2\/media?parent=3436"}],"curies":[{"name":"wp","href":"https:\/\/api.w.org\/{rel}","templated":true}]}}