{"id":3432,"date":"2023-07-09T22:53:58","date_gmt":"2023-07-09T20:53:58","guid":{"rendered":"https:\/\/enfoquesaudaces.com\/avis-legal\/"},"modified":"2024-01-15T00:01:13","modified_gmt":"2024-01-14T22:01:13","slug":"avis-legal","status":"publish","type":"page","link":"https:\/\/enfoquesaudaces.com\/ca\/avis-legal\/","title":{"rendered":"Av\u00eds Legal"},"content":{"rendered":"\t\t<div data-elementor-type=\"wp-page\" data-elementor-id=\"3432\" class=\"elementor elementor-3432 elementor-77\" data-elementor-post-type=\"page\">\n\t\t\t\t\t\t\t\t\t<section class=\"elementor-section elementor-top-section elementor-element elementor-element-0090af1 elementor-section-boxed elementor-section-height-default elementor-section-height-default\" data-id=\"0090af1\" data-element_type=\"section\">\n\t\t\t\t\t\t<div class=\"elementor-container elementor-column-gap-default\">\n\t\t\t\t\t<div class=\"elementor-column elementor-col-100 elementor-top-column elementor-element elementor-element-25534f9\" data-id=\"25534f9\" data-element_type=\"column\">\n\t\t\t<div class=\"elementor-widget-wrap elementor-element-populated\">\n\t\t\t\t\t\t\t\t<div class=\"elementor-element elementor-element-89cefb0 elementor-widget elementor-widget-text-editor\" data-id=\"89cefb0\" data-element_type=\"widget\" data-widget_type=\"text-editor.default\">\n\t\t\t\t<div class=\"elementor-widget-container\">\n\t\t\t<style>\/*! elementor - v3.15.0 - 20-08-2023 *\/\n.elementor-widget-text-editor.elementor-drop-cap-view-stacked .elementor-drop-cap{background-color:#69727d;color:#fff}.elementor-widget-text-editor.elementor-drop-cap-view-framed .elementor-drop-cap{color:#69727d;border:3px solid;background-color:transparent}.elementor-widget-text-editor:not(.elementor-drop-cap-view-default) .elementor-drop-cap{margin-top:8px}.elementor-widget-text-editor:not(.elementor-drop-cap-view-default) .elementor-drop-cap-letter{width:1em;height:1em}.elementor-widget-text-editor .elementor-drop-cap{float:left;text-align:center;line-height:1;font-size:50px}.elementor-widget-text-editor .elementor-drop-cap-letter{display:inline-block}<\/style>\t\t\t\t<p><strong>1.- Titularitat<\/strong><br \/>Aquest lloc \u00e9s propietat i est\u00e0 operat per Daniela Poch Paz, amb domicili a Carrer Onze de setembre 1, pis 2, 08450 Llinars del Vall\u00e8s (Barcelona).<br \/>NIF: 47271154J<br \/>Correu electr\u00f2nic: <a href=\"mailto:pochpaz.daniela@gmail.com\" target=\"_blank\" rel=\"noopener\">pochpaz.daniela@gmail.com<\/a><br \/>L&#8217;\u00fas d&#8217;aquesta web us d\u00f3na la condici\u00f3 de \u201cUsuari\u201d. Aix\u00f2 significa que accepta els termes i condicions establerts a continuaci\u00f3 i amb aix\u00f2 es compromet a no fer-lo servir per a fins i tot il\u00b7legals.<\/p>\n<p><strong>2.- Edat<\/strong><br \/>Quant a l&#8217;\u00fas del Servei, i llevat que s&#8217;indiqui el contrari, l&#8217;usuari declara que \u00e9s m\u00e9s gran i que disposa de la capacitat legal necess\u00e0ria per vincular-se i fer servir el Servei de conformitat amb els seus termes i condicions, que compren i reconeix \u00edntegrament .<br \/>Declara que tota la informaci\u00f3 que proporciona per accedir al Servei, abans i durant la seva utilitzaci\u00f3, \u00e9s vertadera, completa i precisa.<\/p>\n<p><strong>3.- Enlla\u00e7os externs<\/strong><br \/>Us informem que el web del Servei pot enviar-lo a altres llocs web de tercers. Tot i aix\u00f2, el Servei no controla aquests llocs ni el seu contingut, estan subjectes als seus propis termes i condicions. Per tant, el Servei no \u00e9s responsable sobre la qualitat, la veracitat o l&#8217;exactitud d&#8217;aquestes webs.<\/p>\n<p><strong>4.- Propietat Intel\u00b7lectual<\/strong><br \/>El disseny del web del Servei i el seu contingut, marques i logos s\u00f3n titularitat o estan llicenciats al titular del web, estant subjectes als drets de propietat intel\u00b7lectual reconeguts per la llei.<br \/>L&#8217;usuari accepta no utilitzar, copiar o distribuir cap contingut de la web m\u00e9s enll\u00e0 de l&#8217;expressat aqu\u00ed indicat. Qualsevol \u00fas comercial del contingut del web requerir\u00e0 l&#8217;expr\u00e9s autoritzaci\u00f3 del titular del web.<\/p>\n<p><strong>5.- Contingut d&#8217;usuari<\/strong><br \/>L&#8217;usuari pot contribuir al Servei realitzant diferents accions, ja sigui, enviant correus electr\u00f2nics, fent comentaris o enviant suggeriments (d&#8217;ara endavant \u201cContenido\u201d).<br \/>Aquest Contingut es pot utilitzar de diferents maneres, per exemple mostrar-lo al lloc web, reformatar-lo, traduir-lo a altres idiomes, editar-lo per aportar claredat, crear obres derivades a partir d&#8217;ell, promocionar-lo i distribuir-lo.<br \/>Per tant, el Contingut continua sent de la propietat de l&#8217;usuari, per\u00f2 en enviar-lo es concedeix al titular del web, una llic\u00e8ncia d&#8217;\u00fas mundial, no exclusiva, gratu\u00efta, fins a la retirada del contingut, transferible i subllicenciable sobre aquest Contingut.<\/p>\n<p><strong>6.- Responsabilitat<\/strong><br \/>El titular de la web no ser\u00e0 responsable per:<\/p>\n<p>a) qualsevol error o omissi\u00f3 en el contingut de la web;<\/p>\n<p>b) la no disponibilitat de la web o;<\/p>\n<p>c) la transmissi\u00f3 de codi malici\u00f3s o virus a trav\u00e9s del contingut de la web, tot i prendre totes les mesures tecnol\u00f2giques necess\u00e0ries per prevenir-lo.<\/p>\n<p><strong>7.- Canvis<\/strong><br \/>El titular de la web es reserva el dret de fer els canvis no anunciats que consideri oportuns per a la web. Aix\u00f2 vol dir que el titular de la web pot canviar, eliminar o afegir contingut i serveis proporcionats a trav\u00e9s del web.<br \/>A m\u00e9s, aquests termes i condicions es poden actualitzar. Les modificacions entraran en vigor des de la publicaci\u00f3.<\/p>\n<p><strong>8.- Llei i arbitratge<\/strong><br \/>Aquest Servei es regeix per la legislaci\u00f3 espanyola.<br \/>Per tal de simplificar la resoluci\u00f3 de reclamacions per la via civil i reduir costos, no excloem la possibilitat de sotmetre&#8217;ns davant d&#8217;un Arbitratge d&#8217;Equitat de la Cort d&#8217;Arbitratge de les Cambres de Comer\u00e7 i Ind\u00fastria.<br \/>En aquest sentit, i segons la normativa aplicable, el Servei informa de l\u201fexist\u00e8ncia d\u201funa plataforma europea de resoluci\u00f3 de litigis en l\u00ednia que facilita la resoluci\u00f3 extrajudicial d\u201faquests litigis per a contractes subscrits igualment en l\u00ednia entre consumidors i prestadors de serveis d\u201fInternet. A aquesta plataforma es podr\u00e0 accedir a trav\u00e9s de la seg\u00fcent p\u00e0gina web: <a href=\"http:\/\/ec.europa.eu\/odr\">http:\/\/ec.europa.eu\/odr<\/a><\/p>\n<p><strong>9.- Contacte<\/strong><br \/>Per a qualsevol aclariment, incid\u00e8ncia o reclamaci\u00f3, les dades de contacte s\u00f3n:<br \/>E-mail: <a href=\"mailto:pochpaz.daniela@gmail.com\" target=\"_blank\" rel=\"noopener\">pochpaz.daniela@gmail.com<\/a><br \/>Adre\u00e7a postal: Carrer Onze de setembre 1, pis 2, 08450 Llinars del Vall\u00e8s (Barcelona).<\/p>\n\t\t\t\t\t\t<\/div>\n\t\t\t\t<\/div>\n\t\t\t\t\t<\/div>\n\t\t<\/div>\n\t\t\t\t\t\t\t<\/div>\n\t\t<\/section>\n\t\t\t\t<section class=\"elementor-section elementor-top-section elementor-element elementor-element-d219ccf elementor-section-boxed elementor-section-height-default elementor-section-height-default\" data-id=\"d219ccf\" data-element_type=\"section\">\n\t\t\t\t\t\t<div class=\"elementor-container elementor-column-gap-default\">\n\t\t\t\t\t<div class=\"elementor-column elementor-col-100 elementor-top-column elementor-element elementor-element-9b1ad9f\" data-id=\"9b1ad9f\" data-element_type=\"column\">\n\t\t\t<div class=\"elementor-widget-wrap elementor-element-populated\">\n\t\t\t\t\t\t\t\t<div class=\"elementor-element elementor-element-5f98691 elementor-widget elementor-widget-spacer\" data-id=\"5f98691\" data-element_type=\"widget\" data-widget_type=\"spacer.default\">\n\t\t\t\t<div class=\"elementor-widget-container\">\n\t\t\t<style>\/*! elementor - v3.15.0 - 20-08-2023 *\/\n.elementor-column .elementor-spacer-inner{height:var(--spacer-size)}.e-con{--container-widget-width:100%}.e-con-inner>.elementor-widget-spacer,.e-con>.elementor-widget-spacer{width:var(--container-widget-width,var(--spacer-size));--align-self:var(--container-widget-align-self,initial);--flex-shrink:0}.e-con-inner>.elementor-widget-spacer>.elementor-widget-container,.e-con-inner>.elementor-widget-spacer>.elementor-widget-container>.elementor-spacer,.e-con>.elementor-widget-spacer>.elementor-widget-container,.e-con>.elementor-widget-spacer>.elementor-widget-container>.elementor-spacer{height:100%}.e-con-inner>.elementor-widget-spacer>.elementor-widget-container>.elementor-spacer>.elementor-spacer-inner,.e-con>.elementor-widget-spacer>.elementor-widget-container>.elementor-spacer>.elementor-spacer-inner{height:var(--container-widget-height,var(--spacer-size))}<\/style>\t\t<div class=\"elementor-spacer\">\n\t\t\t<div class=\"elementor-spacer-inner\"><\/div>\n\t\t<\/div>\n\t\t\t\t<\/div>\n\t\t\t\t<\/div>\n\t\t\t\t\t<\/div>\n\t\t<\/div>\n\t\t\t\t\t\t\t<\/div>\n\t\t<\/section>\n\t\t\t\t\t\t\t<\/div>\n\t\t","protected":false},"excerpt":{"rendered":"<p>1.- TitularitatAquest lloc \u00e9s propietat i est\u00e0 operat per Daniela Poch Paz, amb domicili a Carrer Onze de setembre 1, pis 2, 08450 Llinars del Vall\u00e8s (Barcelona).NIF: 47271154JCorreu electr\u00f2nic: pochpaz.daniela@gmail.comL&#8217;\u00fas d&#8217;aquesta web us d\u00f3na la condici\u00f3 de \u201cUsuari\u201d. Aix\u00f2 significa que accepta els termes i condicions establerts a continuaci\u00f3 i amb aix\u00f2 es compromet a [&hellip;]<\/p>\n","protected":false},"author":1,"featured_media":0,"parent":0,"menu_order":0,"comment_status":"closed","ping_status":"closed","template":"","meta":{"footnotes":""},"yoast_head":"<!-- This site is optimized with the Yoast SEO Premium plugin v20.11 (Yoast SEO v20.11) - https:\/\/yoast.com\/wordpress\/plugins\/seo\/ -->\n<title>Av\u00eds Legal - Enfoques Audaces<\/title>\n<meta name=\"robots\" content=\"noindex, follow\" \/>\n<meta property=\"og:locale\" content=\"ca_ES\" \/>\n<meta property=\"og:type\" content=\"article\" \/>\n<meta property=\"og:title\" content=\"Av\u00eds Legal\" \/>\n<meta property=\"og:description\" content=\"1.- TitularitatAquest lloc \u00e9s propietat i est\u00e0 operat per Daniela Poch Paz, amb domicili a Carrer Onze de setembre 1, pis 2, 08450 Llinars del Vall\u00e8s (Barcelona).NIF: 47271154JCorreu electr\u00f2nic: pochpaz.daniela@gmail.comL&#8217;\u00fas d&#8217;aquesta web us d\u00f3na la condici\u00f3 de \u201cUsuari\u201d. Aix\u00f2 significa que accepta els termes i condicions establerts a continuaci\u00f3 i amb aix\u00f2 es compromet a [&hellip;]\" \/>\n<meta property=\"og:url\" content=\"https:\/\/enfoquesaudaces.com\/ca\/avis-legal\/\" \/>\n<meta property=\"og:site_name\" content=\"Enfoques Audaces\" \/>\n<meta property=\"article:modified_time\" content=\"2024-01-14T22:01:13+00:00\" \/>\n<meta name=\"twitter:card\" content=\"summary_large_image\" \/>\n<meta name=\"twitter:label1\" content=\"Temps estimat de lectura\" \/>\n\t<meta name=\"twitter:data1\" content=\"3 minuts\" \/>\n<script type=\"application\/ld+json\" class=\"yoast-schema-graph\">{\"@context\":\"https:\/\/schema.org\",\"@graph\":[{\"@type\":\"WebPage\",\"@id\":\"https:\/\/enfoquesaudaces.com\/ca\/avis-legal\/\",\"url\":\"https:\/\/enfoquesaudaces.com\/ca\/avis-legal\/\",\"name\":\"Av\u00eds Legal - Enfoques Audaces\",\"isPartOf\":{\"@id\":\"https:\/\/enfoquesaudaces.com\/#website\"},\"datePublished\":\"2023-07-09T20:53:58+00:00\",\"dateModified\":\"2024-01-14T22:01:13+00:00\",\"breadcrumb\":{\"@id\":\"https:\/\/enfoquesaudaces.com\/ca\/avis-legal\/#breadcrumb\"},\"inLanguage\":\"ca\",\"potentialAction\":[{\"@type\":\"ReadAction\",\"target\":[\"https:\/\/enfoquesaudaces.com\/ca\/avis-legal\/\"]}]},{\"@type\":\"BreadcrumbList\",\"@id\":\"https:\/\/enfoquesaudaces.com\/ca\/avis-legal\/#breadcrumb\",\"itemListElement\":[{\"@type\":\"ListItem\",\"position\":1,\"name\":\"Portada\",\"item\":\"https:\/\/enfoquesaudaces.com\/ca\/portada-inici\/\"},{\"@type\":\"ListItem\",\"position\":2,\"name\":\"Av\u00eds Legal\"}]},{\"@type\":\"WebSite\",\"@id\":\"https:\/\/enfoquesaudaces.com\/#website\",\"url\":\"https:\/\/enfoquesaudaces.com\/\",\"name\":\"Enfoques Audaces\",\"description\":\"\",\"publisher\":{\"@id\":\"https:\/\/enfoquesaudaces.com\/#organization\"},\"potentialAction\":[{\"@type\":\"SearchAction\",\"target\":{\"@type\":\"EntryPoint\",\"urlTemplate\":\"https:\/\/enfoquesaudaces.com\/?s={search_term_string}\"},\"query-input\":\"required name=search_term_string\"}],\"inLanguage\":\"ca\"},{\"@type\":\"Organization\",\"@id\":\"https:\/\/enfoquesaudaces.com\/#organization\",\"name\":\"Enfoques Audaces\",\"url\":\"https:\/\/enfoquesaudaces.com\/\",\"logo\":{\"@type\":\"ImageObject\",\"inLanguage\":\"ca\",\"@id\":\"https:\/\/enfoquesaudaces.com\/#\/schema\/logo\/image\/\",\"url\":\"https:\/\/enfoquesaudaces.com\/wp-content\/uploads\/2023\/06\/PUNTOAMARILLO_LOGO_4.png\",\"contentUrl\":\"https:\/\/enfoquesaudaces.com\/wp-content\/uploads\/2023\/06\/PUNTOAMARILLO_LOGO_4.png\",\"width\":500,\"height\":500,\"caption\":\"Enfoques Audaces\"},\"image\":{\"@id\":\"https:\/\/enfoquesaudaces.com\/#\/schema\/logo\/image\/\"}}]}<\/script>\n<!-- \/ Yoast SEO Premium plugin. -->","yoast_head_json":{"title":"Av\u00eds Legal - Enfoques Audaces","robots":{"index":"noindex","follow":"follow"},"og_locale":"ca_ES","og_type":"article","og_title":"Av\u00eds Legal","og_description":"1.- TitularitatAquest lloc \u00e9s propietat i est\u00e0 operat per Daniela Poch Paz, amb domicili a Carrer Onze de setembre 1, pis 2, 08450 Llinars del Vall\u00e8s (Barcelona).NIF: 47271154JCorreu electr\u00f2nic: pochpaz.daniela@gmail.comL&#8217;\u00fas d&#8217;aquesta web us d\u00f3na la condici\u00f3 de \u201cUsuari\u201d. Aix\u00f2 significa que accepta els termes i condicions establerts a continuaci\u00f3 i amb aix\u00f2 es compromet a [&hellip;]","og_url":"https:\/\/enfoquesaudaces.com\/ca\/avis-legal\/","og_site_name":"Enfoques Audaces","article_modified_time":"2024-01-14T22:01:13+00:00","twitter_card":"summary_large_image","twitter_misc":{"Temps estimat de lectura":"3 minuts"},"schema":{"@context":"https:\/\/schema.org","@graph":[{"@type":"WebPage","@id":"https:\/\/enfoquesaudaces.com\/ca\/avis-legal\/","url":"https:\/\/enfoquesaudaces.com\/ca\/avis-legal\/","name":"Av\u00eds Legal - Enfoques Audaces","isPartOf":{"@id":"https:\/\/enfoquesaudaces.com\/#website"},"datePublished":"2023-07-09T20:53:58+00:00","dateModified":"2024-01-14T22:01:13+00:00","breadcrumb":{"@id":"https:\/\/enfoquesaudaces.com\/ca\/avis-legal\/#breadcrumb"},"inLanguage":"ca","potentialAction":[{"@type":"ReadAction","target":["https:\/\/enfoquesaudaces.com\/ca\/avis-legal\/"]}]},{"@type":"BreadcrumbList","@id":"https:\/\/enfoquesaudaces.com\/ca\/avis-legal\/#breadcrumb","itemListElement":[{"@type":"ListItem","position":1,"name":"Portada","item":"https:\/\/enfoquesaudaces.com\/ca\/portada-inici\/"},{"@type":"ListItem","position":2,"name":"Av\u00eds Legal"}]},{"@type":"WebSite","@id":"https:\/\/enfoquesaudaces.com\/#website","url":"https:\/\/enfoquesaudaces.com\/","name":"Enfoques Audaces","description":"","publisher":{"@id":"https:\/\/enfoquesaudaces.com\/#organization"},"potentialAction":[{"@type":"SearchAction","target":{"@type":"EntryPoint","urlTemplate":"https:\/\/enfoquesaudaces.com\/?s={search_term_string}"},"query-input":"required name=search_term_string"}],"inLanguage":"ca"},{"@type":"Organization","@id":"https:\/\/enfoquesaudaces.com\/#organization","name":"Enfoques Audaces","url":"https:\/\/enfoquesaudaces.com\/","logo":{"@type":"ImageObject","inLanguage":"ca","@id":"https:\/\/enfoquesaudaces.com\/#\/schema\/logo\/image\/","url":"https:\/\/enfoquesaudaces.com\/wp-content\/uploads\/2023\/06\/PUNTOAMARILLO_LOGO_4.png","contentUrl":"https:\/\/enfoquesaudaces.com\/wp-content\/uploads\/2023\/06\/PUNTOAMARILLO_LOGO_4.png","width":500,"height":500,"caption":"Enfoques Audaces"},"image":{"@id":"https:\/\/enfoquesaudaces.com\/#\/schema\/logo\/image\/"}}]}},"_links":{"self":[{"href":"https:\/\/enfoquesaudaces.com\/ca\/wp-json\/wp\/v2\/pages\/3432"}],"collection":[{"href":"https:\/\/enfoquesaudaces.com\/ca\/wp-json\/wp\/v2\/pages"}],"about":[{"href":"https:\/\/enfoquesaudaces.com\/ca\/wp-json\/wp\/v2\/types\/page"}],"author":[{"embeddable":true,"href":"https:\/\/enfoquesaudaces.com\/ca\/wp-json\/wp\/v2\/users\/1"}],"replies":[{"embeddable":true,"href":"https:\/\/enfoquesaudaces.com\/ca\/wp-json\/wp\/v2\/comments?post=3432"}],"version-history":[{"count":1,"href":"https:\/\/enfoquesaudaces.com\/ca\/wp-json\/wp\/v2\/pages\/3432\/revisions"}],"predecessor-version":[{"id":3433,"href":"https:\/\/enfoquesaudaces.com\/ca\/wp-json\/wp\/v2\/pages\/3432\/revisions\/3433"}],"wp:attachment":[{"href":"https:\/\/enfoquesaudaces.com\/ca\/wp-json\/wp\/v2\/media?parent=3432"}],"curies":[{"name":"wp","href":"https:\/\/api.w.org\/{rel}","templated":true}]}}